{"id":8423,"date":"2024-01-15T11:48:53","date_gmt":"2024-01-15T10:48:53","guid":{"rendered":"https:\/\/it.sdu.dk\/?post_type=product&#038;p=8423"},"modified":"2024-09-02T14:16:38","modified_gmt":"2024-09-02T13:16:38","slug":"mk540-traadloes-tast-mus-dk","status":"publish","type":"product","link":"https:\/\/it.sdu.dk\/?product=mk540-traadloes-tast-mus-dk","title":{"rendered":"MK540 tr\u00e5dl\u00f8s tast og mus (bestil selv p\u00e5 Centrallageret for levering i Odense via Truetrade)"},"content":{"rendered":"","protected":false},"excerpt":{"rendered":"<p>En kombination af det velkendte tr\u00e5dl\u00f8se tastatur og tr\u00e5dl\u00f8se mus der begge er designet med pr\u00e6cision, komfort og p\u00e5lidelighed i tankerne.<\/p>\n<p>Hvis den bestilles alene s\u00e5 best det p\u00e5 Centrallager i Truetrade &#8211; <a href=\"https:\/\/sdu.katalog.truetrade.dk\/ttc\/item\/cc10388023\/info?inputView=\/flist.xhtml\">Vare nummer 7503<\/a><\/p>\n<p>Original vare nummer 920-008683<\/p>\n","protected":false},"featured_media":299,"template":"","meta":[],"product_brand":[],"product_cat":[29],"product_tag":[],"class_list":{"0":"post-8423","1":"product","2":"type-product","3":"status-publish","4":"has-post-thumbnail","6":"product_cat-com_tilbehoer","8":"first","9":"instock","10":"shipping-taxable","11":"purchasable","12":"product-type-simple","13":"add-to-wishlist-after_add_to_cart"},"_links":{"self":[{"href":"https:\/\/it.sdu.dk\/index.php?rest_route=\/wp\/v2\/product\/8423","targetHints":{"allow":["GET"]}}],"collection":[{"href":"https:\/\/it.sdu.dk\/index.php?rest_route=\/wp\/v2\/product"}],"about":[{"href":"https:\/\/it.sdu.dk\/index.php?rest_route=\/wp\/v2\/types\/product"}],"wp:featuredmedia":[{"embeddable":true,"href":"https:\/\/it.sdu.dk\/index.php?rest_route=\/wp\/v2\/media\/299"}],"wp:attachment":[{"href":"https:\/\/it.sdu.dk\/index.php?rest_route=%2Fwp%2Fv2%2Fmedia&parent=8423"}],"wp:term":[{"taxonomy":"product_brand","embeddable":true,"href":"https:\/\/it.sdu.dk\/index.php?rest_route=%2Fwp%2Fv2%2Fproduct_brand&post=8423"},{"taxonomy":"product_cat","embeddable":true,"href":"https:\/\/it.sdu.dk\/index.php?rest_route=%2Fwp%2Fv2%2Fproduct_cat&post=8423"},{"taxonomy":"product_tag","embeddable":true,"href":"https:\/\/it.sdu.dk\/index.php?rest_route=%2Fwp%2Fv2%2Fproduct_tag&post=8423"}],"curies":[{"name":"wp","href":"https:\/\/api.w.org\/{rel}","templated":true}]}}