{"id":7899,"date":"2023-10-30T09:16:06","date_gmt":"2023-10-30T08:16:06","guid":{"rendered":"https:\/\/it.sdu.dk\/?post_type=product&#038;p=7899"},"modified":"2024-09-02T14:18:52","modified_gmt":"2024-09-02T13:18:52","slug":"poly_4320","status":"publish","type":"product","link":"https:\/\/it.sdu.dk\/?product=poly_4320","title":{"rendered":"Poly Voyager 4320 MS Stereo &#8211; Headset &#8211; tr\u00e5dl\u00f8s &#8211; USB-A &#8211; st\u00f8jisolerende &#8211; med opladningsstand (bestil selv p\u00e5 Centrallageret for levering i Odense via Truetrade)"},"content":{"rendered":"","protected":false},"excerpt":{"rendered":"","protected":false},"featured_media":7900,"template":"","meta":[],"product_brand":[],"product_cat":[29,118],"product_tag":[],"class_list":{"0":"post-7899","1":"product","2":"type-product","3":"status-publish","4":"has-post-thumbnail","6":"product_cat-com_tilbehoer","7":"product_cat-headsaet","9":"first","10":"instock","11":"shipping-taxable","12":"purchasable","13":"product-type-simple","14":"add-to-wishlist-after_add_to_cart"},"_links":{"self":[{"href":"https:\/\/it.sdu.dk\/index.php?rest_route=\/wp\/v2\/product\/7899","targetHints":{"allow":["GET"]}}],"collection":[{"href":"https:\/\/it.sdu.dk\/index.php?rest_route=\/wp\/v2\/product"}],"about":[{"href":"https:\/\/it.sdu.dk\/index.php?rest_route=\/wp\/v2\/types\/product"}],"wp:featuredmedia":[{"embeddable":true,"href":"https:\/\/it.sdu.dk\/index.php?rest_route=\/wp\/v2\/media\/7900"}],"wp:attachment":[{"href":"https:\/\/it.sdu.dk\/index.php?rest_route=%2Fwp%2Fv2%2Fmedia&parent=7899"}],"wp:term":[{"taxonomy":"product_brand","embeddable":true,"href":"https:\/\/it.sdu.dk\/index.php?rest_route=%2Fwp%2Fv2%2Fproduct_brand&post=7899"},{"taxonomy":"product_cat","embeddable":true,"href":"https:\/\/it.sdu.dk\/index.php?rest_route=%2Fwp%2Fv2%2Fproduct_cat&post=7899"},{"taxonomy":"product_tag","embeddable":true,"href":"https:\/\/it.sdu.dk\/index.php?rest_route=%2Fwp%2Fv2%2Fproduct_tag&post=7899"}],"curies":[{"name":"wp","href":"https:\/\/api.w.org\/{rel}","templated":true}]}}