{"id":7516,"date":"2023-09-12T10:21:47","date_gmt":"2023-09-12T09:21:47","guid":{"rendered":"https:\/\/it.sdu.dk\/?post_type=product&#038;p=7516"},"modified":"2026-03-02T09:56:56","modified_gmt":"2026-03-02T08:56:56","slug":"hp-e34m","status":"publish","type":"product","link":"https:\/\/it.sdu.dk\/?product=hp-e34m","title":{"rendered":"34&#8243; Conferencing Monitor HP 534pm USB C sk\u00e6rm med indb. dock, webcam, h\u00f8jttaler og mikrofon specialsk\u00e6rm. (for levering i Odense bestiller afdeling selv p\u00e5 Centrallager)"},"content":{"rendered":"","protected":false},"excerpt":{"rendered":"<p>Dockingstation, webkamera og h\u00f8jttalere og mikrofon er indbygget.<br \/>\nKan erstatte sk\u00e6rm + dock+ webkamera + mikrofon + h\u00f8jttaler.<br \/>\nStr\u00f8mforsyne computer med 65W n\u00e5r den kobles til med USB-C kabel.<\/p>\n<p><span style=\"color: #ff0000\"><strong>Kan IKKE daysichaine til sk\u00e6rm nr 2.<\/strong><\/span><\/p>\n<table width=\"901\">\n<tbody>\n<tr>\n<td width=\"297\"><strong>Sk\u00e6rmst\u00f8rrelse\u00a0<\/strong><\/td>\n<td>34&#8243;<\/td>\n<\/tr>\n<tr>\n<td width=\"297\"><strong>H\u00f8jde-bredde-forhold\u00a0<\/strong><\/td>\n<td>21:9<\/td>\n<\/tr>\n<tr>\n<td width=\"297\"><strong>Opl\u00f8sning (oprindelig)\u00a0<\/strong><\/td>\n<td>WQHD (3440 x 1440), 400 nit<\/td>\n<\/tr>\n<tr>\n<td width=\"297\"><strong>H\u00f8jdejusteringsinterval\u00a0<\/strong><\/td>\n<td>150 mm<\/td>\n<\/tr>\n<tr>\n<td width=\"297\"><strong>H\u00e6ldning\u00a0<\/strong><\/td>\n<td>-5 til +20\u00b0<\/td>\n<\/tr>\n<tr>\n<td width=\"297\"><strong>Sk\u00e6rmegenskaber\u00a0<\/strong><\/td>\n<td>Betjeningsknapper p\u00e5 sk\u00e6rmen<br \/>\nUden gensk\u00e6r<br \/>\nJusterbar h\u00f8jde<br \/>\nIndbyggede h\u00f8jtalere<br \/>\nCurved sk\u00e6rm<br \/>\nWebkamera<br \/>\nHP Eye Ease<\/td>\n<\/tr>\n<tr>\n<td width=\"297\"><strong>Flimmerfri\u00a0<\/strong><\/td>\n<td>Ja<\/td>\n<\/tr>\n<tr>\n<td width=\"297\"><strong>D\u00e6mpet bl\u00e5t lys\u00a0<\/strong><\/td>\n<td>Ja, HP Eye Ease (T\u00dcV Lavt bl\u00e5t lys, hardwarel\u00f8sning certificeret)<\/td>\n<\/tr>\n<tr>\n<td width=\"297\"><strong>VESA-montering\u00a0<\/strong><\/td>\n<td>100 x 100 mm (beslag medf\u00f8lger)<\/td>\n<\/tr>\n<tr>\n<td width=\"297\"><strong>DisplayPort<\/strong><strong><sup>\u2122<\/sup><\/strong><strong>\u00a0<\/strong><\/td>\n<td>1 DisplayPort<sup>\u2122<\/sup>\u00a01.2<\/td>\n<\/tr>\n<tr>\n<td width=\"297\"><strong>HDCP\u00a0<\/strong><\/td>\n<td>Ja, DisplayPort<sup>\u2122<\/sup>\u00a0og HDMI<\/td>\n<\/tr>\n<tr>\n<td width=\"297\"><strong>USB Type-C<\/strong><strong><sup>\u00ae<\/sup><\/strong><strong>\u00a0videoindgang\u00a0<\/strong><\/td>\n<td>1 SuperSpeed USB Type-C<sup>\u00ae<\/sup>\u00a0signalhastighed p\u00e5 5 Gbps (op til 65 W USB-str\u00f8mforsyning, Alt Mode DisplayPort<sup>\u2122<\/sup>\u00a01.4)<\/td>\n<\/tr>\n<tr>\n<td width=\"297\"><strong>USB Type-A\u00a0<\/strong><\/td>\n<td>4 SuperSpeed USB Type-A 5 Gbps signalhastighed<\/td>\n<\/tr>\n<tr>\n<td width=\"297\"><strong>Ethernet\u00a0<\/strong><\/td>\n<td>1 RJ-45 (10\/100\/1000 Mbps)<\/td>\n<\/tr>\n<tr>\n<td width=\"297\"><strong>HDMI\u00a0<\/strong><\/td>\n<td>1 HDMI 2.0<\/td>\n<\/tr>\n<tr>\n<td width=\"297\"><strong>M\u00e5l inklusive fod (B x D x H)\u00a0<\/strong><\/td>\n<td>80,83 x 23,3 x 54,32 cm<\/td>\n<\/tr>\n<tr>\n<td width=\"297\"><strong>Pakkens indhold\u00a0<\/strong><\/td>\n<td>Sk\u00e6rm<br \/>\nVESA-monteringsadapter<br \/>\nInstallationsvejledning<br \/>\n1 USB type C<sup>\u00ae<\/sup>? til Type-C-kabel<br \/>\nAC-str\u00f8mledning<\/td>\n<\/tr>\n<\/tbody>\n<\/table>\n","protected":false},"featured_media":7517,"template":"","meta":[],"product_brand":[],"product_cat":[33],"product_tag":[],"class_list":{"0":"post-7516","1":"product","2":"type-product","3":"status-publish","4":"has-post-thumbnail","6":"product_cat-skaerme","8":"first","9":"instock","10":"shipping-taxable","11":"purchasable","12":"product-type-simple","13":"add-to-wishlist-after_add_to_cart"},"_links":{"self":[{"href":"https:\/\/it.sdu.dk\/index.php?rest_route=\/wp\/v2\/product\/7516","targetHints":{"allow":["GET"]}}],"collection":[{"href":"https:\/\/it.sdu.dk\/index.php?rest_route=\/wp\/v2\/product"}],"about":[{"href":"https:\/\/it.sdu.dk\/index.php?rest_route=\/wp\/v2\/types\/product"}],"wp:featuredmedia":[{"embeddable":true,"href":"https:\/\/it.sdu.dk\/index.php?rest_route=\/wp\/v2\/media\/7517"}],"wp:attachment":[{"href":"https:\/\/it.sdu.dk\/index.php?rest_route=%2Fwp%2Fv2%2Fmedia&parent=7516"}],"wp:term":[{"taxonomy":"product_brand","embeddable":true,"href":"https:\/\/it.sdu.dk\/index.php?rest_route=%2Fwp%2Fv2%2Fproduct_brand&post=7516"},{"taxonomy":"product_cat","embeddable":true,"href":"https:\/\/it.sdu.dk\/index.php?rest_route=%2Fwp%2Fv2%2Fproduct_cat&post=7516"},{"taxonomy":"product_tag","embeddable":true,"href":"https:\/\/it.sdu.dk\/index.php?rest_route=%2Fwp%2Fv2%2Fproduct_tag&post=7516"}],"curies":[{"name":"wp","href":"https:\/\/api.w.org\/{rel}","templated":true}]}}