{"id":6787,"date":"2023-03-30T10:31:45","date_gmt":"2023-03-30T09:31:45","guid":{"rendered":"https:\/\/it.sdu.dk\/?post_type=product&#038;p=6787"},"modified":"2026-02-10T15:14:37","modified_gmt":"2026-02-10T14:14:37","slug":"traadloest-netvaerkskort-til-stationaer-pc-wifi6-tx-3000e","status":"publish","type":"product","link":"https:\/\/it.sdu.dk\/?product=traadloest-netvaerkskort-til-stationaer-pc-wifi6-tx-3000e","title":{"rendered":"Tr\u00e5dl\u00f8st netv\u00e6rkskort til station\u00e6r PC WiFi6 (TX-3000E)"},"content":{"rendered":"","protected":false},"excerpt":{"rendered":"<div>WIFI kort til indbygning i station\u00e6r PC.<\/div>\n<div><\/div>\n<div class=\"ns_font_title_6 ns_m_b_4 ns_m_t_3\">Generelt<\/div>\n<div class=\"nsv-table\">\n<div class=\"nsv-table-container\">\n<div class=\"nsv-scroll_container\">\n<div class=\"nsv-scroll_container-scrollable\">\n<table class=\"nsv-table-native is-nsv-table-horizontal ns_b_b\" summary=\"\">\n<tbody class=\"nsv-table-body\">\n<tr class=\"nsv-table-native-row isDraggable\">\n<th id=\"nsvTableHeader-0.0\" class=\"nsv-table-cell is-header-cell is-nsv-table-column-scrolled-right nsv-table-cell--odd_row nsv-keyvalue-table-header ns_font_title_7 specification-tab-key_column ns_font_title_7 ns_font_title_6 ns_p_v_4\" title=\"Enhedstype\" scope=\"row\">\n<div class=\"\">\n<div class=\"\">Enhedstype<\/div>\n<\/div>\n<\/th>\n<td class=\"nsv-table-cell is-nsv-table-column-scrolled-right nsv-table-cell--odd_row ns_font_details\" headers=\"nsvTableHeader-0.0\">\n<div>\n<div class=\"ns_m_v_4 ns_p_h_3\">Netv\u00e6rksadapter<\/div>\n<\/div>\n<\/td>\n<\/tr>\n<tr class=\"nsv-table-native-row isDraggable\">\n<th id=\"nsvTableHeader-0.1\" class=\"nsv-table-cell is-header-cell is-nsv-table-column-scrolled-right nsv-table-cell--even_row nsv-keyvalue-table-header ns_font_title_7 specification-tab-key_column ns_font_title_7 ns_font_title_6 ns_p_v_4\" title=\"Model\" scope=\"row\">\n<div class=\"\">\n<div class=\"\">Model<\/div>\n<\/div>\n<\/th>\n<td class=\"nsv-table-cell is-nsv-table-column-scrolled-right nsv-table-cell--even_row ns_font_details\" headers=\"nsvTableHeader-0.1\">\n<div>\n<div class=\"ns_m_v_4 ns_p_h_3\">Indstikskort<\/div>\n<\/div>\n<\/td>\n<\/tr>\n<tr class=\"nsv-table-native-row isDraggable\">\n<th id=\"nsvTableHeader-0.2\" class=\"nsv-table-cell is-header-cell is-nsv-table-column-scrolled-right nsv-table-cell--odd_row nsv-keyvalue-table-header ns_font_title_7 specification-tab-key_column ns_font_title_7 ns_font_title_6 ns_p_v_4\" title=\"Gr\u00e6nseflade (bus) type\" scope=\"row\">\n<div class=\"\">\n<div class=\"\">Gr\u00e6nseflade (bus) type<\/div>\n<\/div>\n<\/th>\n<td class=\"nsv-table-cell is-nsv-table-column-scrolled-right nsv-table-cell--odd_row ns_font_details\" headers=\"nsvTableHeader-0.2\">\n<div>\n<div class=\"ns_m_v_4 ns_p_h_3\">PCI Express x1<\/div>\n<\/div>\n<\/td>\n<\/tr>\n<\/tbody>\n<\/table>\n<\/div>\n<\/div>\n<\/div>\n<\/div>\n<div class=\"ns_font_title_6 ns_m_b_4 ns_m_t_8\">Netv\u00e6rk<\/div>\n<div class=\"nsv-table\">\n<div class=\"nsv-table-container\">\n<div class=\"nsv-scroll_container\">\n<div class=\"nsv-scroll_container-scrollable\">\n<table class=\"nsv-table-native is-nsv-table-horizontal ns_b_b\" summary=\"\">\n<tbody class=\"nsv-table-body\">\n<tr class=\"nsv-table-native-row isDraggable\">\n<th id=\"nsvTableHeader-1.0\" class=\"nsv-table-cell is-header-cell is-nsv-table-column-scrolled-right nsv-table-cell--odd_row nsv-keyvalue-table-header ns_font_title_7 specification-tab-key_column ns_font_title_7 ns_font_title_6 ns_p_v_4\" title=\"Forbindelsesteknologi\" scope=\"row\">\n<div class=\"\">\n<div class=\"\">Forbindelsesteknologi<\/div>\n<\/div>\n<\/th>\n<td class=\"nsv-table-cell is-nsv-table-column-scrolled-right nsv-table-cell--odd_row ns_font_details\" headers=\"nsvTableHeader-1.0\">\n<div>\n<div class=\"ns_m_v_4 ns_p_h_3\">Tr\u00e5dl\u00f8s<\/div>\n<\/div>\n<\/td>\n<\/tr>\n<tr class=\"nsv-table-native-row isDraggable\">\n<th id=\"nsvTableHeader-1.1\" class=\"nsv-table-cell is-header-cell is-nsv-table-column-scrolled-right nsv-table-cell--even_row nsv-keyvalue-table-header ns_font_title_7 specification-tab-key_column ns_font_title_7 ns_font_title_6 ns_p_v_4\" title=\"Dataforbindelsesprotokol\" scope=\"row\">\n<div class=\"\">\n<div class=\"\">Dataforbindelsesprotokol<\/div>\n<\/div>\n<\/th>\n<td class=\"nsv-table-cell is-nsv-table-column-scrolled-right nsv-table-cell--even_row ns_font_details\" headers=\"nsvTableHeader-1.1\">\n<div>\n<div class=\"ns_m_v_4 ns_p_h_3\">IEEE 802.11b, IEEE 802.11a, IEEE 802.11g, IEEE 802.11n, IEEE 802.11ac, Bluetooth 5.0, 802.11ax<\/div>\n<\/div>\n<\/td>\n<\/tr>\n<tr class=\"nsv-table-native-row isDraggable\">\n<th id=\"nsvTableHeader-1.2\" class=\"nsv-table-cell is-header-cell is-nsv-table-column-scrolled-right nsv-table-cell--odd_row nsv-keyvalue-table-header ns_font_title_7 specification-tab-key_column ns_font_title_7 ns_font_title_6 ns_p_v_4\" title=\"Pr\u00e6station\" scope=\"row\">\n<div class=\"\">\n<div class=\"\">Pr\u00e6station<\/div>\n<\/div>\n<\/th>\n<td class=\"nsv-table-cell is-nsv-table-column-scrolled-right nsv-table-cell--odd_row ns_font_details\" headers=\"nsvTableHeader-1.2\">\n<div>\n<div class=\"ns_m_v_4 ns_p_h_3\">Maksimum datahastighed (2,4 GHz): 574 Mbps Maksimum datahastighed (5 GHz): 2402 Mbps<\/div>\n<\/div>\n<\/td>\n<\/tr>\n<tr class=\"nsv-table-native-row isDraggable\">\n<th id=\"nsvTableHeader-1.3\" class=\"nsv-table-cell is-header-cell is-nsv-table-column-scrolled-right nsv-table-cell--even_row nsv-keyvalue-table-header ns_font_title_7 specification-tab-key_column ns_font_title_7 ns_font_title_6 ns_p_v_4\" title=\"Liniekodningsformat\" scope=\"row\">\n<div class=\"\">\n<div class=\"\">Liniekodningsformat<\/div>\n<\/div>\n<\/th>\n<td class=\"nsv-table-cell is-nsv-table-column-scrolled-right nsv-table-cell--even_row ns_font_details\" headers=\"nsvTableHeader-1.3\">\n<div>\n<div class=\"ns_m_v_4 ns_p_h_3\">DBPSK, DQPSK, CCK, 64 QAM, 256 QAM, 16 QAM, OFDM, 1024 QAM<\/div>\n<\/div>\n<\/td>\n<\/tr>\n<tr class=\"nsv-table-native-row isDraggable\">\n<th id=\"nsvTableHeader-1.4\" class=\"nsv-table-cell is-header-cell is-nsv-table-column-scrolled-right nsv-table-cell--odd_row nsv-keyvalue-table-header ns_font_title_7 specification-tab-key_column ns_font_title_7 ns_font_title_6 ns_p_v_4\" title=\"Frekvensb\u00e5nd\" scope=\"row\">\n<div class=\"\">\n<div class=\"\">Frekvensb\u00e5nd<\/div>\n<\/div>\n<\/th>\n<td class=\"nsv-table-cell is-nsv-table-column-scrolled-right nsv-table-cell--odd_row ns_font_details\" headers=\"nsvTableHeader-1.4\">\n<div>\n<div class=\"ns_m_v_4 ns_p_h_3\">2.4 GHz, 5 GHz<\/div>\n<\/div>\n<\/td>\n<\/tr>\n<\/tbody>\n<\/table>\n<\/div>\n<\/div>\n<\/div>\n<\/div>\n","protected":false},"featured_media":6788,"template":"","meta":[],"product_brand":[],"product_cat":[22,29],"product_tag":[],"class_list":{"0":"post-6787","1":"product","2":"type-product","3":"status-publish","4":"has-post-thumbnail","6":"product_cat-computer","7":"product_cat-com_tilbehoer","9":"first","10":"instock","11":"shipping-taxable","12":"purchasable","13":"product-type-simple","14":"add-to-wishlist-after_add_to_cart"},"_links":{"self":[{"href":"https:\/\/it.sdu.dk\/index.php?rest_route=\/wp\/v2\/product\/6787","targetHints":{"allow":["GET"]}}],"collection":[{"href":"https:\/\/it.sdu.dk\/index.php?rest_route=\/wp\/v2\/product"}],"about":[{"href":"https:\/\/it.sdu.dk\/index.php?rest_route=\/wp\/v2\/types\/product"}],"wp:featuredmedia":[{"embeddable":true,"href":"https:\/\/it.sdu.dk\/index.php?rest_route=\/wp\/v2\/media\/6788"}],"wp:attachment":[{"href":"https:\/\/it.sdu.dk\/index.php?rest_route=%2Fwp%2Fv2%2Fmedia&parent=6787"}],"wp:term":[{"taxonomy":"product_brand","embeddable":true,"href":"https:\/\/it.sdu.dk\/index.php?rest_route=%2Fwp%2Fv2%2Fproduct_brand&post=6787"},{"taxonomy":"product_cat","embeddable":true,"href":"https:\/\/it.sdu.dk\/index.php?rest_route=%2Fwp%2Fv2%2Fproduct_cat&post=6787"},{"taxonomy":"product_tag","embeddable":true,"href":"https:\/\/it.sdu.dk\/index.php?rest_route=%2Fwp%2Fv2%2Fproduct_tag&post=6787"}],"curies":[{"name":"wp","href":"https:\/\/api.w.org\/{rel}","templated":true}]}}