{"id":6348,"date":"2023-01-24T16:58:46","date_gmt":"2023-01-24T15:58:46","guid":{"rendered":"https:\/\/it.sdu.dk\/?post_type=product&#038;p=6348"},"modified":"2023-06-01T08:42:17","modified_gmt":"2023-06-01T07:42:17","slug":"samme-model-bare-anden-farve","status":"publish","type":"product","link":"https:\/\/it.sdu.dk\/?product=samme-model-bare-anden-farve","title":{"rendered":"Samme model bare anden farve"},"content":{"rendered":"<p>Hvis den bestilte enhed ikke er p\u00e5 lager s\u00e5 kan der indk\u00f8bes samme model bare i en anden farve.<\/p>\n<p>Skriv evt note\/bem\u00e6rkning til ordren<\/p>\n<p>&nbsp;<\/p>\n","protected":false},"excerpt":{"rendered":"<p>Hvis den bestilte enhed ikke er p\u00e5 lager s\u00e5 kan der indk\u00f8bes samme model bare i en anden farve. Skriv evt note\/bem\u00e6rkning til ordren &nbsp;<\/p>\n","protected":false},"featured_media":4115,"template":"","meta":[],"product_brand":[],"product_cat":[81,27,23],"product_tag":[],"class_list":{"0":"post-6348","1":"product","2":"type-product","3":"status-publish","4":"has-post-thumbnail","6":"product_cat-ipad","7":"product_cat-iphone","8":"product_cat-mac","10":"first","11":"instock","12":"shipping-taxable","13":"purchasable","14":"product-type-simple","15":"add-to-wishlist-after_add_to_cart"},"_links":{"self":[{"href":"https:\/\/it.sdu.dk\/index.php?rest_route=\/wp\/v2\/product\/6348","targetHints":{"allow":["GET"]}}],"collection":[{"href":"https:\/\/it.sdu.dk\/index.php?rest_route=\/wp\/v2\/product"}],"about":[{"href":"https:\/\/it.sdu.dk\/index.php?rest_route=\/wp\/v2\/types\/product"}],"wp:featuredmedia":[{"embeddable":true,"href":"https:\/\/it.sdu.dk\/index.php?rest_route=\/wp\/v2\/media\/4115"}],"wp:attachment":[{"href":"https:\/\/it.sdu.dk\/index.php?rest_route=%2Fwp%2Fv2%2Fmedia&parent=6348"}],"wp:term":[{"taxonomy":"product_brand","embeddable":true,"href":"https:\/\/it.sdu.dk\/index.php?rest_route=%2Fwp%2Fv2%2Fproduct_brand&post=6348"},{"taxonomy":"product_cat","embeddable":true,"href":"https:\/\/it.sdu.dk\/index.php?rest_route=%2Fwp%2Fv2%2Fproduct_cat&post=6348"},{"taxonomy":"product_tag","embeddable":true,"href":"https:\/\/it.sdu.dk\/index.php?rest_route=%2Fwp%2Fv2%2Fproduct_tag&post=6348"}],"curies":[{"name":"wp","href":"https:\/\/api.w.org\/{rel}","templated":true}]}}