{"id":617,"date":"2021-02-26T15:04:12","date_gmt":"2021-02-26T14:04:12","guid":{"rendered":"https:\/\/it.sdu.dk\/?post_type=product&#038;p=617"},"modified":"2025-11-05T14:00:30","modified_gmt":"2025-11-05T13:00:30","slug":"magsafe-oplader","status":"publish","type":"product","link":"https:\/\/it.sdu.dk\/?product=magsafe-oplader","title":{"rendered":"MagSafe-oplader med USB-C"},"content":{"rendered":"","protected":false},"excerpt":{"rendered":"<p>OBS str\u00f8mforsyning f\u00f8lger ikke med MacSafe adapter, anbefaler denne\u00a0<a href=\"https:\/\/it.sdu.dk\/index.php\/product\/apple-stroemforsyninger\/?attribute_effekt=20W\">20 W USB-C- str\u00f8mforsyning<\/a><\/p>\n<p>MagSafe-opladeren g\u00f8r det nemt at oplade tr\u00e5dl\u00f8st. Magneterne passer perfekt sammen med iPhone leverer hurtig tr\u00e5dl\u00f8s opladning med op til 25 W p\u00e5 de nyeste iPhone.<\/p>\n<p>MagSafe-opladeren er fortsat kompatibel med Qi-opladning, s\u00e5 du kan bruge den til tr\u00e5dl\u00f8s opladning af din iPhone 8 eller nyere og AirPods-modeller med et tr\u00e5dl\u00f8st opladningsetui, ligesom du bruger en Qi-certificeret oplader.<\/p>\n<p>Den magnetiske justering g\u00e6lder kun for iPhone 12 og nyere &#8211; dog ikke iPhone 16e.<\/p>\n<p>Anbefalet: <a href=\"https:\/\/it.sdu.dk\/index.php\/product\/apple-stroemforsyninger\/?attribute_effekt=20W\">20 W USB-C-str\u00f8mforsyning (s\u00e6lges separat)<\/a><\/p>\n<p>\u00c6skens indhold<br \/>\nMagSafe-oplader<br \/>\nIndbygget USB-C-kabel (1 m)<\/p>\n","protected":false},"featured_media":618,"template":"","meta":[],"product_brand":[],"product_cat":[25,30],"product_tag":[],"class_list":{"0":"post-617","1":"product","2":"type-product","3":"status-publish","4":"has-post-thumbnail","6":"product_cat-phone","7":"product_cat-phone_tilbehoer","9":"first","10":"instock","11":"shipping-taxable","12":"purchasable","13":"product-type-simple","14":"add-to-wishlist-after_add_to_cart"},"_links":{"self":[{"href":"https:\/\/it.sdu.dk\/index.php?rest_route=\/wp\/v2\/product\/617","targetHints":{"allow":["GET"]}}],"collection":[{"href":"https:\/\/it.sdu.dk\/index.php?rest_route=\/wp\/v2\/product"}],"about":[{"href":"https:\/\/it.sdu.dk\/index.php?rest_route=\/wp\/v2\/types\/product"}],"wp:featuredmedia":[{"embeddable":true,"href":"https:\/\/it.sdu.dk\/index.php?rest_route=\/wp\/v2\/media\/618"}],"wp:attachment":[{"href":"https:\/\/it.sdu.dk\/index.php?rest_route=%2Fwp%2Fv2%2Fmedia&parent=617"}],"wp:term":[{"taxonomy":"product_brand","embeddable":true,"href":"https:\/\/it.sdu.dk\/index.php?rest_route=%2Fwp%2Fv2%2Fproduct_brand&post=617"},{"taxonomy":"product_cat","embeddable":true,"href":"https:\/\/it.sdu.dk\/index.php?rest_route=%2Fwp%2Fv2%2Fproduct_cat&post=617"},{"taxonomy":"product_tag","embeddable":true,"href":"https:\/\/it.sdu.dk\/index.php?rest_route=%2Fwp%2Fv2%2Fproduct_tag&post=617"}],"curies":[{"name":"wp","href":"https:\/\/api.w.org\/{rel}","templated":true}]}}