{"id":599,"date":"2021-02-26T14:34:21","date_gmt":"2021-02-26T13:34:21","guid":{"rendered":"https:\/\/it.sdu.dk\/?post_type=product&#038;p=599"},"modified":"2025-09-18T13:20:10","modified_gmt":"2025-09-18T12:20:10","slug":"apple-oplader-kabler","status":"publish","type":"product","link":"https:\/\/it.sdu.dk\/?product=apple-oplader-kabler","title":{"rendered":"Apple oplader kabler til iPhone, iPad og Mac"},"content":{"rendered":"","protected":false},"excerpt":{"rendered":"<p>Apple oplader kabler med forskellig stik typer.<\/p>\n<p>Til b\u00e5de iPhone, iPad og computer<\/p>\n<p>Husk at tjekke stiktype p\u00e5 b\u00e5de oplader og p\u00e5 enhed der skal oplades.<\/p>\n<p>Stiktyper:<\/p>\n<ul>\n<li>USB-A \u2013 almindelig usb stik 1 cm x 0,4 cm<\/li>\n<li>USB-C \u2013 ny type USB-C stik, ovalt stik p\u00e5 0,6cm x 0,2 cm, \u00a0er i nyere MacBook Pro, iPad Pro og iPhone 15 og nyere<\/li>\n<li>Lightning stik p\u00e5 iPhone og iPad &#8211; flat stik p\u00e5 0,4 cm x 0,1 cm. iPhone 14 og \u00e6ldre.<\/li>\n<\/ul>\n<p>&nbsp;<\/p>\n","protected":false},"featured_media":601,"template":"","meta":[],"product_brand":[],"product_cat":[22,29,84,25,30,31],"product_tag":[],"class_list":{"0":"post-599","1":"product","2":"type-product","3":"status-publish","4":"has-post-thumbnail","6":"product_cat-computer","7":"product_cat-com_tilbehoer","8":"product_cat-mac_tilbehoer","9":"product_cat-phone","10":"product_cat-phone_tilbehoer","11":"product_cat-tablet_tilbehoer","13":"first","14":"instock","15":"shipping-taxable","16":"purchasable","17":"product-type-variable","18":"add-to-wishlist-after_add_to_cart"},"_links":{"self":[{"href":"https:\/\/it.sdu.dk\/index.php?rest_route=\/wp\/v2\/product\/599","targetHints":{"allow":["GET"]}}],"collection":[{"href":"https:\/\/it.sdu.dk\/index.php?rest_route=\/wp\/v2\/product"}],"about":[{"href":"https:\/\/it.sdu.dk\/index.php?rest_route=\/wp\/v2\/types\/product"}],"wp:featuredmedia":[{"embeddable":true,"href":"https:\/\/it.sdu.dk\/index.php?rest_route=\/wp\/v2\/media\/601"}],"wp:attachment":[{"href":"https:\/\/it.sdu.dk\/index.php?rest_route=%2Fwp%2Fv2%2Fmedia&parent=599"}],"wp:term":[{"taxonomy":"product_brand","embeddable":true,"href":"https:\/\/it.sdu.dk\/index.php?rest_route=%2Fwp%2Fv2%2Fproduct_brand&post=599"},{"taxonomy":"product_cat","embeddable":true,"href":"https:\/\/it.sdu.dk\/index.php?rest_route=%2Fwp%2Fv2%2Fproduct_cat&post=599"},{"taxonomy":"product_tag","embeddable":true,"href":"https:\/\/it.sdu.dk\/index.php?rest_route=%2Fwp%2Fv2%2Fproduct_tag&post=599"}],"curies":[{"name":"wp","href":"https:\/\/api.w.org\/{rel}","templated":true}]}}