{"id":593,"date":"2021-02-26T14:09:52","date_gmt":"2021-02-26T13:09:52","guid":{"rendered":"https:\/\/it.sdu.dk\/?post_type=product&#038;p=593"},"modified":"2026-04-07T13:38:20","modified_gmt":"2026-04-07T12:38:20","slug":"apple-stroemforsyninger","status":"publish","type":"product","link":"https:\/\/it.sdu.dk\/?product=apple-stroemforsyninger","title":{"rendered":"Str\u00f8mforsyninger USB-C til Apple computere"},"content":{"rendered":"","protected":false},"excerpt":{"rendered":"<p><strong>SDU Centrallager tilbyder en universal USB C str\u00f8mforsyning p\u00e5 65W<\/strong> &#8211;<br \/>\nv\u00e6lg denne undtagen hvis der er forhold der taler for andet.<br \/>\nBestilles p\u00e5 TrueTrade &#8211; vare nummer 7511<br \/>\n<a href=\"https:\/\/sdu.katalog.truetrade.dk\/ttc\/item\/cc10388000\/info?inputView=%2Flist.xhtml\">https:\/\/sdu.katalog.truetrade.dk\/ttc\/item\/cc10388000\/info?inputView=%2Flist.xhtml<\/a><\/p>\n<p><strong>Hello opladere er det billige alternativ <span style=\"color: #ff0000;\">med kabel<\/span> i pakken<\/strong><br \/>\nHello 25 W USB-C oplader til iPad<br \/>\nHello 65W USB-C oplader til MacBook Air 13&#8243; og 15&#8243; og MacBook Pro 14&#8243;<\/p>\n<p><span style=\"color: #ff0000;\"><strong>OBS Opladerkabel s\u00e6lges separat til Apple opladere og skal passe til enheden<\/strong><\/span><\/p>\n<ul>\n<li>20W bruges til iPhone og iPad der har USB-C stik<\/li>\n<li>30W bruges til MacBook og MacBook Air der har USB-C stik<\/li>\n<li>35W bruges til MacBook og MacBook Air der har USB-C stik<\/li>\n<li>65W Kan bruges til alle enheder, dog kan MBPro 16&#8243; m\u00e5ske ikke oplades n\u00e5r Mac bruges h\u00e5rdt. USB-C stik<\/li>\n<li>70 W bruges prim\u00e6rt til MacBook Air 13&#8243;, 15&#8243; MacBook Pro 13&#8243; og 14&#8243; der har USB-C stik<\/li>\n<li>96 W bruges prim\u00e6rt til MacBook Pro 15&#8243; og 16&#8243; der har USB-C stik<\/li>\n<li>140 W bruges prim\u00e6rt til MacBook Pro 16&#8243; der har USB-C stik<\/li>\n<\/ul>\n<p>Str\u00f8mforsyningen passer til alle USB-C-kompatible enheder, men Apple anbefaler parring korrekt eller h\u00f8jre effekt p\u00e5 oplader for optimal opladning.<br \/>\nHvis der er lavere effekt i oplader, vil enheden oplades langsomt.<br \/>\nDu kan ogs\u00e5 bruge den med udvalgte iPhone- og iPad Pro-modeller for at f\u00e5 fuldt udbytte af den hurtige opladerfunktion.<\/p>\n","protected":false},"featured_media":589,"template":"","meta":[],"product_brand":[],"product_cat":[22,29,84,25,30,28,31],"product_tag":[],"class_list":{"0":"post-593","1":"product","2":"type-product","3":"status-publish","4":"has-post-thumbnail","6":"product_cat-computer","7":"product_cat-com_tilbehoer","8":"product_cat-mac_tilbehoer","9":"product_cat-phone","10":"product_cat-phone_tilbehoer","11":"product_cat-tablet","12":"product_cat-tablet_tilbehoer","14":"first","15":"instock","16":"shipping-taxable","17":"purchasable","18":"product-type-variable","19":"add-to-wishlist-after_add_to_cart"},"_links":{"self":[{"href":"https:\/\/it.sdu.dk\/index.php?rest_route=\/wp\/v2\/product\/593","targetHints":{"allow":["GET"]}}],"collection":[{"href":"https:\/\/it.sdu.dk\/index.php?rest_route=\/wp\/v2\/product"}],"about":[{"href":"https:\/\/it.sdu.dk\/index.php?rest_route=\/wp\/v2\/types\/product"}],"wp:featuredmedia":[{"embeddable":true,"href":"https:\/\/it.sdu.dk\/index.php?rest_route=\/wp\/v2\/media\/589"}],"wp:attachment":[{"href":"https:\/\/it.sdu.dk\/index.php?rest_route=%2Fwp%2Fv2%2Fmedia&parent=593"}],"wp:term":[{"taxonomy":"product_brand","embeddable":true,"href":"https:\/\/it.sdu.dk\/index.php?rest_route=%2Fwp%2Fv2%2Fproduct_brand&post=593"},{"taxonomy":"product_cat","embeddable":true,"href":"https:\/\/it.sdu.dk\/index.php?rest_route=%2Fwp%2Fv2%2Fproduct_cat&post=593"},{"taxonomy":"product_tag","embeddable":true,"href":"https:\/\/it.sdu.dk\/index.php?rest_route=%2Fwp%2Fv2%2Fproduct_tag&post=593"}],"curies":[{"name":"wp","href":"https:\/\/api.w.org\/{rel}","templated":true}]}}