{"id":578,"date":"2021-02-26T13:29:55","date_gmt":"2021-02-26T12:29:55","guid":{"rendered":"https:\/\/it.sdu.dk\/?post_type=product&#038;p=578"},"modified":"2025-01-06T11:02:42","modified_gmt":"2025-01-06T10:02:42","slug":"apple-magic-trackpad","status":"publish","type":"product","link":"https:\/\/it.sdu.dk\/?product=apple-magic-trackpad","title":{"rendered":"Apple Magic Trackpad"},"content":{"rendered":"","protected":false},"excerpt":{"rendered":"<p>Magic Trackpad er tr\u00e5dl\u00f8st og genopladeligt, og du kan bruge hele udvalget af Multi-Touch-bev\u00e6gelser og Force Touch-teknologi. Sensorer under pegefeltets overflade registrerer sm\u00e5 forskelle i, hvor h\u00e5rdt du trykker, s\u00e5 du f\u00e5r flere funktioner lige ved fingerspidserne og kommer t\u00e6ttere p\u00e5 dit indhold. Det har en stor overflade i glas fra kant til kant, som g\u00f8r det mere behageligt og effektivt at scrolle og swipe gennem dit yndlingsindhold.<br \/>\nMagic Trackpad danner automatisk par med din Mac, s\u00e5 du kan komme i gang med det samme. Det indbyggede batteri kan holde Magic Trackpad k\u00f8rende i omkring en m\u00e5ned eller mere, f\u00f8r det skal oplades.<br \/>\nDen har en USB-C-port, og der medf\u00f8lger et v\u00e6vet USB\u2011C-opladerkabel til tilslutning og opladning via en USB\u2011C-port p\u00e5 din Mac, s\u00e5 du kan oplade alle dine yndlings\u00adenheder med et enkelt kabel.<\/p>\n<p>\u00c6skens indhold<br \/>\nMagic Trackpad<br \/>\nUSB-C kabel<\/p>\n<p>Systemkrav<br \/>\nMac med macOS 15.1 eller nyere<br \/>\niPad med iPadOS 18.1 eller nyere<\/p>\n<p>&nbsp;<\/p>\n<p><a href=\"https:\/\/www.apple.com\/dk\/shop\/mac\/accessories\/mice-keyboards\">Se mere p\u00e5 Apple.dk<\/a><\/p>\n","protected":false},"featured_media":564,"template":"","meta":[],"product_brand":[],"product_cat":[22,29,84],"product_tag":[],"class_list":{"0":"post-578","1":"product","2":"type-product","3":"status-publish","4":"has-post-thumbnail","6":"product_cat-computer","7":"product_cat-com_tilbehoer","8":"product_cat-mac_tilbehoer","10":"first","11":"instock","12":"shipping-taxable","13":"purchasable","14":"product-type-simple","15":"add-to-wishlist-after_add_to_cart"},"_links":{"self":[{"href":"https:\/\/it.sdu.dk\/index.php?rest_route=\/wp\/v2\/product\/578","targetHints":{"allow":["GET"]}}],"collection":[{"href":"https:\/\/it.sdu.dk\/index.php?rest_route=\/wp\/v2\/product"}],"about":[{"href":"https:\/\/it.sdu.dk\/index.php?rest_route=\/wp\/v2\/types\/product"}],"wp:featuredmedia":[{"embeddable":true,"href":"https:\/\/it.sdu.dk\/index.php?rest_route=\/wp\/v2\/media\/564"}],"wp:attachment":[{"href":"https:\/\/it.sdu.dk\/index.php?rest_route=%2Fwp%2Fv2%2Fmedia&parent=578"}],"wp:term":[{"taxonomy":"product_brand","embeddable":true,"href":"https:\/\/it.sdu.dk\/index.php?rest_route=%2Fwp%2Fv2%2Fproduct_brand&post=578"},{"taxonomy":"product_cat","embeddable":true,"href":"https:\/\/it.sdu.dk\/index.php?rest_route=%2Fwp%2Fv2%2Fproduct_cat&post=578"},{"taxonomy":"product_tag","embeddable":true,"href":"https:\/\/it.sdu.dk\/index.php?rest_route=%2Fwp%2Fv2%2Fproduct_tag&post=578"}],"curies":[{"name":"wp","href":"https:\/\/api.w.org\/{rel}","templated":true}]}}