{"id":347,"date":"2021-02-17T10:08:32","date_gmt":"2021-02-17T09:08:32","guid":{"rendered":"https:\/\/its2.sdu.dk\/?post_type=product&#038;p=347"},"modified":"2023-02-15T10:35:02","modified_gmt":"2023-02-15T09:35:02","slug":"hp-prelude-pro-recycled-backpack-rygsaek-til-notebook","status":"publish","type":"product","link":"https:\/\/it.sdu.dk\/?product=hp-prelude-pro-recycled-backpack-rygsaek-til-notebook","title":{"rendered":"HP Prelude Pro Recycled Backpack &#8211; Rygs\u00e6k til notebook"},"content":{"rendered":"","protected":false},"excerpt":{"rendered":"<p>Denne rygs\u00e6k er fremstillet med 95 % genbrugt ydersidestof1 og er efterbehandlet med en vandfast bel\u00e6gning, og den kombinerer et let og stilfuldt design for at st\u00f8tte innovat\u00f8rer til at opn\u00e5 deres fulde potentiale, uanset hvor de er.<br \/>\nSkulderremmen er justerbar og polstret, s\u00e5 du kan v\u00e6re parat til det hele i den travle hverdag.<\/p>\n","protected":false},"featured_media":348,"template":"","meta":[],"product_brand":[],"product_cat":[22,29],"product_tag":[],"class_list":{"0":"post-347","1":"product","2":"type-product","3":"status-publish","4":"has-post-thumbnail","6":"product_cat-computer","7":"product_cat-com_tilbehoer","9":"first","10":"instock","11":"shipping-taxable","12":"purchasable","13":"product-type-simple","14":"add-to-wishlist-after_add_to_cart"},"_links":{"self":[{"href":"https:\/\/it.sdu.dk\/index.php?rest_route=\/wp\/v2\/product\/347","targetHints":{"allow":["GET"]}}],"collection":[{"href":"https:\/\/it.sdu.dk\/index.php?rest_route=\/wp\/v2\/product"}],"about":[{"href":"https:\/\/it.sdu.dk\/index.php?rest_route=\/wp\/v2\/types\/product"}],"wp:featuredmedia":[{"embeddable":true,"href":"https:\/\/it.sdu.dk\/index.php?rest_route=\/wp\/v2\/media\/348"}],"wp:attachment":[{"href":"https:\/\/it.sdu.dk\/index.php?rest_route=%2Fwp%2Fv2%2Fmedia&parent=347"}],"wp:term":[{"taxonomy":"product_brand","embeddable":true,"href":"https:\/\/it.sdu.dk\/index.php?rest_route=%2Fwp%2Fv2%2Fproduct_brand&post=347"},{"taxonomy":"product_cat","embeddable":true,"href":"https:\/\/it.sdu.dk\/index.php?rest_route=%2Fwp%2Fv2%2Fproduct_cat&post=347"},{"taxonomy":"product_tag","embeddable":true,"href":"https:\/\/it.sdu.dk\/index.php?rest_route=%2Fwp%2Fv2%2Fproduct_tag&post=347"}],"curies":[{"name":"wp","href":"https:\/\/api.w.org\/{rel}","templated":true}]}}