{"id":346,"date":"2021-02-17T10:03:08","date_gmt":"2021-02-17T09:03:08","guid":{"rendered":"https:\/\/its2.sdu.dk\/?post_type=product&#038;p=346"},"modified":"2023-05-04T10:33:19","modified_gmt":"2023-05-04T09:33:19","slug":"logitech-mk540-traadloes-tastatur-mus-engelsk-international-layout","status":"publish","type":"product","link":"https:\/\/it.sdu.dk\/?product=logitech-mk540-traadloes-tastatur-mus-engelsk-international-layout","title":{"rendered":"MK540 tr\u00e5dl\u00f8s tast.\/mus ENGELSK UDGAVE! (DK udgave best. afd. selv p\u00e5 Centrallager)"},"content":{"rendered":"","protected":false},"excerpt":{"rendered":"<p>ENGELSK Layout!<\/p>\n<p>En kombination af det velkendte tr\u00e5dl\u00f8se tastatur og tr\u00e5dl\u00f8se mus der begge er designet med pr\u00e6cision, komfort og p\u00e5lidelighed i tankerne.<\/p>\n","protected":false},"featured_media":299,"template":"","meta":[],"product_brand":[],"product_cat":[29],"product_tag":[],"class_list":{"0":"post-346","1":"product","2":"type-product","3":"status-publish","4":"has-post-thumbnail","6":"product_cat-com_tilbehoer","8":"first","9":"instock","10":"shipping-taxable","11":"purchasable","12":"product-type-simple","13":"add-to-wishlist-after_add_to_cart"},"_links":{"self":[{"href":"https:\/\/it.sdu.dk\/index.php?rest_route=\/wp\/v2\/product\/346","targetHints":{"allow":["GET"]}}],"collection":[{"href":"https:\/\/it.sdu.dk\/index.php?rest_route=\/wp\/v2\/product"}],"about":[{"href":"https:\/\/it.sdu.dk\/index.php?rest_route=\/wp\/v2\/types\/product"}],"wp:featuredmedia":[{"embeddable":true,"href":"https:\/\/it.sdu.dk\/index.php?rest_route=\/wp\/v2\/media\/299"}],"wp:attachment":[{"href":"https:\/\/it.sdu.dk\/index.php?rest_route=%2Fwp%2Fv2%2Fmedia&parent=346"}],"wp:term":[{"taxonomy":"product_brand","embeddable":true,"href":"https:\/\/it.sdu.dk\/index.php?rest_route=%2Fwp%2Fv2%2Fproduct_brand&post=346"},{"taxonomy":"product_cat","embeddable":true,"href":"https:\/\/it.sdu.dk\/index.php?rest_route=%2Fwp%2Fv2%2Fproduct_cat&post=346"},{"taxonomy":"product_tag","embeddable":true,"href":"https:\/\/it.sdu.dk\/index.php?rest_route=%2Fwp%2Fv2%2Fproduct_tag&post=346"}],"curies":[{"name":"wp","href":"https:\/\/api.w.org\/{rel}","templated":true}]}}