{"id":2973,"date":"2021-10-14T14:35:04","date_gmt":"2021-10-14T13:35:04","guid":{"rendered":"https:\/\/it.sdu.dk\/?post_type=product&#038;p=2973"},"modified":"2024-10-29T11:47:48","modified_gmt":"2024-10-29T10:47:48","slug":"ipad-mini","status":"publish","type":"product","link":"https:\/\/it.sdu.dk\/?product=ipad-mini","title":{"rendered":"iPad mini 8,3&#8243; (A17Pro 2024)"},"content":{"rendered":"","protected":false},"excerpt":{"rendered":"<p>\u00d8nskes anden farve eller specifikationer skriv i note p\u00e5 en ordre.<\/p>\n<p><span style=\"color: #ff0000\"><strong>OBS Oplader medf\u00f8lger ikke \u2013 bestil evt 20W USB\u2011C Power Adapter \u2013 <a style=\"color: #ff0000\" href=\"https:\/\/it.sdu.dk\/index.php\/product\/apple-stroemforsyninger\/?attribute_effekt=20W\">Det her vare nr MUVV3ZM\/A<\/a><\/strong><\/span><\/p>\n<ul>\n<li role=\"listitem\">8,3-inch 2266-by-1488-pixel resolution at 326 ppi LED-backlit Multi\u2011Touch display with IPS technology, 500 nits<\/li>\n<li role=\"listitem\">A17 Pro chip\n<ul>\n<li role=\"listitem\">6-core CPU<\/li>\n<li role=\"listitem\">5-core GPU<\/li>\n<li role=\"listitem\">16-core Neural Engine<\/li>\n<\/ul>\n<\/li>\n<li role=\"listitem\">Camera : Wide: 12MP, \u0192\/1.8 aperture<\/li>\n<li role=\"listitem\">\n<div class=\"techspecs-rowheader\" role=\"rowheader\">FaceTime HD-kamera\u00a012 MP ultravidvinkelkamera, 122-graders synsfelt,\u00a0Bl\u00e6nde\u00e5bning p\u00e5 \u0192\/2,4<\/div>\n<\/li>\n<li role=\"listitem\">Dual microphones for calls, video recording, and audio recording<\/li>\n<li>Touch ID<\/li>\n<li>USB\u2011C-port, som under\u00adst\u00f8tter:\u00a0Opladning,\u00a0DisplayPort,\u00a0USB 3.1, 1. generation (op til 5 Gb\/s)<\/li>\n<li role=\"listitem\">Supports Apple Pencil Pro og \u00a0Apple Pencil USB-C<\/li>\n<li role=\"listitem\">Up to 10 hours of surfing the web on Wi-Fi or watching video<\/li>\n<li role=\"listitem\">Charging via power adapter or USB-C to computer system<\/li>\n<li role=\"listitem\">Size 134,8 mm x 194,4 mm x 6,3 mm<\/li>\n<li role=\"listitem\">Weight 297 g<\/li>\n<li role=\"listitem\">eSIM<\/li>\n<li role=\"listitem\">In the Box : iPad, USB-C Cable (1 meter)<\/li>\n<li role=\"listitem\">See more specs on <a href=\"https:\/\/www.apple.com\/dk\/ipad-mini\/specs\/\">Apple.com<\/a><\/li>\n<\/ul>\n<p>&nbsp;<\/p>\n","protected":false},"featured_media":2983,"template":"","meta":[],"product_brand":[],"product_cat":[81,28],"product_tag":[],"class_list":{"0":"post-2973","1":"product","2":"type-product","3":"status-publish","4":"has-post-thumbnail","6":"product_cat-ipad","7":"product_cat-tablet","8":"pa_color-lyseroed","9":"pa_color-purple","10":"pa_color-space-grey","11":"pa_color-stjerneskaer-hvid","12":"pa_network-4g-simcard","13":"pa_network-wifi-only","14":"pa_storagesize-256-gb","15":"pa_storagesize-512-gb","16":"pa_storagesize-64-gb","18":"first","19":"instock","20":"shipping-taxable","21":"purchasable","22":"product-type-variable","23":"has-default-attributes","24":"add-to-wishlist-after_add_to_cart"},"_links":{"self":[{"href":"https:\/\/it.sdu.dk\/index.php?rest_route=\/wp\/v2\/product\/2973","targetHints":{"allow":["GET"]}}],"collection":[{"href":"https:\/\/it.sdu.dk\/index.php?rest_route=\/wp\/v2\/product"}],"about":[{"href":"https:\/\/it.sdu.dk\/index.php?rest_route=\/wp\/v2\/types\/product"}],"wp:featuredmedia":[{"embeddable":true,"href":"https:\/\/it.sdu.dk\/index.php?rest_route=\/wp\/v2\/media\/2983"}],"wp:attachment":[{"href":"https:\/\/it.sdu.dk\/index.php?rest_route=%2Fwp%2Fv2%2Fmedia&parent=2973"}],"wp:term":[{"taxonomy":"product_brand","embeddable":true,"href":"https:\/\/it.sdu.dk\/index.php?rest_route=%2Fwp%2Fv2%2Fproduct_brand&post=2973"},{"taxonomy":"product_cat","embeddable":true,"href":"https:\/\/it.sdu.dk\/index.php?rest_route=%2Fwp%2Fv2%2Fproduct_cat&post=2973"},{"taxonomy":"product_tag","embeddable":true,"href":"https:\/\/it.sdu.dk\/index.php?rest_route=%2Fwp%2Fv2%2Fproduct_tag&post=2973"}],"curies":[{"name":"wp","href":"https:\/\/api.w.org\/{rel}","templated":true}]}}