{"id":224,"date":"2021-02-03T12:38:07","date_gmt":"2021-02-03T11:38:07","guid":{"rendered":"https:\/\/its2.sdu.dk\/?post_type=product&#038;p=224"},"modified":"2026-05-08T11:32:40","modified_gmt":"2026-05-08T10:32:40","slug":"hp-elitebook-845-g7-ryzen7-16gb-512-nvme-ssd","status":"publish","type":"product","link":"https:\/\/it.sdu.dk\/?product=hp-elitebook-845-g7-ryzen7-16gb-512-nvme-ssd","title":{"rendered":"HP 6 G1i 14&#8243; Ultra 7 PRO 16GB \/ 512 SSD (ekstra kraftig)"},"content":{"rendered":"","protected":false},"excerpt":{"rendered":"<p><a href=\"https:\/\/it.sdu.dk\/?product=faellesvare-pc-pakke-med-skaerm-tastatur-mm\" target=\"_blank\" rel=\"noopener\"><span style=\"color: #993300\"><strong>F\u00e6llesvare PC bestilles her p\u00e5 dette link<\/strong><\/span><\/a><\/p>\n<p>\u00d8nskes IKKE F\u00e6llesvare PC k\u00f8bes computer nedenfor<\/p>\n<p>Ekstra kraftig . Typisk beregnet til VIP brugeren med kr\u00e6vende behov. F.eks intens videoredigering eller k\u00e6mpe regneark.<\/p>\n<p>HP Ryzen 7 PRO\u00a0 8 Laptop<\/p>\n<p>\u00b7 Integrated HD 720p DualAryMic Webcam<br \/>\n\u00b7 14 inch FHD (1920&#215;1200) Anti-Glare LED UWVA 250 for HD Webcam bent<br \/>\n\u00b7 16GB (1x16GB) DDR5 4800<br \/>\n\u00b7 512GB PCIe NVMe Value Solid State Drive<\/p>\n<p>2 Thunderbolt\u2122 4 med USB Type-C\u00ae 40 Gbps signalhastighed (USB-str\u00f8mforsyning, DisplayPort\u2122 1.4);<br \/>\n2 USB Type-A 5 Gbps signalhastighed (1 opladning);<br \/>\n1 HDMI 2.0;<br \/>\n1 kombineret stereohovedtelefon-\/mikrofonstik<br \/>\n\u00b7 Intel Wi-Fi 6 AX200 ax 2&#215;2 MU-MIMO nvP 160MHz +Bluetooth 5 WW with 2 Antennas<br \/>\n\u00b7 Fingerprint Sensor<br \/>\n\u00b7 3 Cell 53 WHr Long Life batteri<br \/>\n\u00b7 65 Watt nPFC USB-C Straight AC Adapter<br \/>\n\u00b7 C5 1.0m Sticker Conventional Power Cord DEN<br \/>\nGravering til HP aftale-maskiner-SDU<br \/>\nHP 4 \u00e5rs garanti (3\u00e5r std + 1\u00e5r udv) Batteri dog kun 3 \u00e5rs garanti<\/p>\n","protected":false},"featured_media":237,"template":"","meta":[],"product_brand":[],"product_cat":[24],"product_tag":[],"class_list":{"0":"post-224","1":"product","2":"type-product","3":"status-publish","4":"has-post-thumbnail","6":"product_cat-pc","8":"first","9":"instock","10":"shipping-taxable","11":"purchasable","12":"product-type-simple","13":"add-to-wishlist-after_add_to_cart"},"_links":{"self":[{"href":"https:\/\/it.sdu.dk\/index.php?rest_route=\/wp\/v2\/product\/224","targetHints":{"allow":["GET"]}}],"collection":[{"href":"https:\/\/it.sdu.dk\/index.php?rest_route=\/wp\/v2\/product"}],"about":[{"href":"https:\/\/it.sdu.dk\/index.php?rest_route=\/wp\/v2\/types\/product"}],"wp:featuredmedia":[{"embeddable":true,"href":"https:\/\/it.sdu.dk\/index.php?rest_route=\/wp\/v2\/media\/237"}],"wp:attachment":[{"href":"https:\/\/it.sdu.dk\/index.php?rest_route=%2Fwp%2Fv2%2Fmedia&parent=224"}],"wp:term":[{"taxonomy":"product_brand","embeddable":true,"href":"https:\/\/it.sdu.dk\/index.php?rest_route=%2Fwp%2Fv2%2Fproduct_brand&post=224"},{"taxonomy":"product_cat","embeddable":true,"href":"https:\/\/it.sdu.dk\/index.php?rest_route=%2Fwp%2Fv2%2Fproduct_cat&post=224"},{"taxonomy":"product_tag","embeddable":true,"href":"https:\/\/it.sdu.dk\/index.php?rest_route=%2Fwp%2Fv2%2Fproduct_tag&post=224"}],"curies":[{"name":"wp","href":"https:\/\/api.w.org\/{rel}","templated":true}]}}