{"id":215,"date":"2021-02-03T11:47:40","date_gmt":"2021-02-03T10:47:40","guid":{"rendered":"https:\/\/its2.sdu.dk\/?post_type=product&#038;p=215"},"modified":"2026-03-27T09:38:33","modified_gmt":"2026-03-27T08:38:33","slug":"esim","status":"publish","type":"product","link":"https:\/\/it.sdu.dk\/?product=esim","title":{"rendered":"Abonnement mobil eSim"},"content":{"rendered":"<p>SDU udleverer som udgangspunkt eSIM kort<\/p>\n<p>&#8211; skal det v\u00e6re anderledes s\u00e5 lav note omkring \u00f8nske.<\/p>\n","protected":false},"excerpt":{"rendered":"<p>Ved bestilling af simkort SKAL f\u00f8dselsdatoen for brugeren angives, da vi skal kunne identificerer personen 100% korrekt.<\/p>\n<p>SDU udleveres som udgangspunkt eSIM kort &#8211; skal det v\u00e6re anderledes s\u00e5 lav note omkring \u00f8nske.<\/p>\n<div>\n<p>Husk du bliver beskattet af at have et TALE nummer betalt af SDU<br \/>\nMobil data beskattes IKKE.<\/p>\n<p>For information om tele fra SDU og link til tro og love <a href=\"https:\/\/sdunet.dk\/da\/servicesider\/it\/it\/politik-retningslinjer\/mobile-tele-produkter?fromlogin=1\">e<\/a>rkl\u00e6ring for fritagelse se her<\/p>\n<\/div>\n<div>\n<p>SDU indberetter som udgangspunkt alle tale mobil abonnementer if\u00f8lge retningslinjer fra Skat.<br \/>\n<a href=\"https:\/\/skat.dk\/erhverv\/ansatte-og-loen\/personalegoder-naar-du-er-arbejdsgiver\/fri-telefon-computer-og-internet-til-dine-ansatte\">Se mere her ved Skat.dk<\/a><\/p>\n<\/div>\n","protected":false},"featured_media":216,"template":"","meta":[],"product_brand":[],"product_cat":[26,81,27,30,31],"product_tag":[],"class_list":{"0":"post-215","1":"product","2":"type-product","3":"status-publish","4":"has-post-thumbnail","6":"product_cat-android","7":"product_cat-ipad","8":"product_cat-iphone","9":"product_cat-phone_tilbehoer","10":"product_cat-tablet_tilbehoer","12":"first","13":"instock","14":"shipping-taxable","15":"product-type-external","16":"add-to-wishlist-after_add_to_cart"},"_links":{"self":[{"href":"https:\/\/it.sdu.dk\/index.php?rest_route=\/wp\/v2\/product\/215","targetHints":{"allow":["GET"]}}],"collection":[{"href":"https:\/\/it.sdu.dk\/index.php?rest_route=\/wp\/v2\/product"}],"about":[{"href":"https:\/\/it.sdu.dk\/index.php?rest_route=\/wp\/v2\/types\/product"}],"wp:featuredmedia":[{"embeddable":true,"href":"https:\/\/it.sdu.dk\/index.php?rest_route=\/wp\/v2\/media\/216"}],"wp:attachment":[{"href":"https:\/\/it.sdu.dk\/index.php?rest_route=%2Fwp%2Fv2%2Fmedia&parent=215"}],"wp:term":[{"taxonomy":"product_brand","embeddable":true,"href":"https:\/\/it.sdu.dk\/index.php?rest_route=%2Fwp%2Fv2%2Fproduct_brand&post=215"},{"taxonomy":"product_cat","embeddable":true,"href":"https:\/\/it.sdu.dk\/index.php?rest_route=%2Fwp%2Fv2%2Fproduct_cat&post=215"},{"taxonomy":"product_tag","embeddable":true,"href":"https:\/\/it.sdu.dk\/index.php?rest_route=%2Fwp%2Fv2%2Fproduct_tag&post=215"}],"curies":[{"name":"wp","href":"https:\/\/api.w.org\/{rel}","templated":true}]}}