{"id":18678,"date":"2026-04-08T08:19:34","date_gmt":"2026-04-08T07:19:34","guid":{"rendered":"https:\/\/it.sdu.dk\/?post_type=product&#038;p=18678"},"modified":"2026-04-14T14:02:24","modified_gmt":"2026-04-14T13:02:24","slug":"faellesvare-pc-pakke-med-skaerm-tastatur-mm","status":"publish","type":"product","link":"https:\/\/it.sdu.dk\/?product=faellesvare-pc-pakke-med-skaerm-tastatur-mm","title":{"rendered":"<p style=\"color: red;\">F\u00e6llesvare PC <\/p>pakke med sk\u00e6rm, tastatur mm."},"content":{"rendered":"<p><strong>F\u00e6llesvare PC kontor pakke\u00a0<\/strong><\/p>\n<p>HP PC \u00a0med Conferencing sk\u00e6rm, tastatur, mus.<br \/>\nTil pakken kan v\u00e6lges f\u00f8lgende:<br \/>\n1 stk HP PC 14&#8243; eller 16&#8243; med 4 \u00e5rs garanti<br \/>\n1 stk Tr\u00e5dl\u00f8st tastatur og mus<br \/>\n1 stk 27\u2033 HP Sk\u00e6rm med dock og webcam (conferencesk\u00e6rm)<br \/>\n1 stk 27\u2033 HP sk\u00e6rm Standard<br \/>\n1 stk tr\u00e5dl\u00f8s heads\u00e6t<\/p>\n<p>Conference sk\u00e6rmen kobles til PC med et USB-C \u00a0kabel.<br \/>\nSk\u00e6rmen har indbygget<\/p>\n<ul>\n<li>str\u00f8mforsyning tilPC og Mac via USB-C kabel<\/li>\n<li>Webkamera 5.0 megapixel<\/li>\n<li>To mikrofoner<\/li>\n<li>USB- hub 4 stk USB-A stik<\/li>\n<li>h\u00f8jtaler<\/li>\n<\/ul>\n<p>V\u00e6lge ekstra udstyr under pakken.<\/p>\n","protected":false},"excerpt":{"rendered":"<p>F\u00e6llesvare PC kontor pakke\u00a0 HP PC \u00a0med Conferencing sk\u00e6rm, tastatur, mus. Til pakken kan v\u00e6lges f\u00f8lgende: 1 stk HP PC 14&#8243; eller 16&#8243; med 4 \u00e5rs garanti 1 stk Tr\u00e5dl\u00f8st tastatur og mus 1 stk 27\u2033 HP Sk\u00e6rm med dock og webcam (conferencesk\u00e6rm) 1 stk 27\u2033 HP sk\u00e6rm Standard 1 stk tr\u00e5dl\u00f8s heads\u00e6t Conference sk\u00e6rmen [&hellip;]<\/p>\n","protected":false},"featured_media":18681,"template":"","meta":[],"product_brand":[],"product_cat":[24,32],"product_tag":[],"class_list":{"0":"post-18678","1":"product","2":"type-product","3":"status-publish","4":"has-post-thumbnail","6":"product_cat-pc","7":"product_cat-pakker","9":"first","10":"instock","11":"shipping-taxable","12":"product-type-external","13":"add-to-wishlist-after_add_to_cart"},"_links":{"self":[{"href":"https:\/\/it.sdu.dk\/index.php?rest_route=\/wp\/v2\/product\/18678","targetHints":{"allow":["GET"]}}],"collection":[{"href":"https:\/\/it.sdu.dk\/index.php?rest_route=\/wp\/v2\/product"}],"about":[{"href":"https:\/\/it.sdu.dk\/index.php?rest_route=\/wp\/v2\/types\/product"}],"wp:featuredmedia":[{"embeddable":true,"href":"https:\/\/it.sdu.dk\/index.php?rest_route=\/wp\/v2\/media\/18681"}],"wp:attachment":[{"href":"https:\/\/it.sdu.dk\/index.php?rest_route=%2Fwp%2Fv2%2Fmedia&parent=18678"}],"wp:term":[{"taxonomy":"product_brand","embeddable":true,"href":"https:\/\/it.sdu.dk\/index.php?rest_route=%2Fwp%2Fv2%2Fproduct_brand&post=18678"},{"taxonomy":"product_cat","embeddable":true,"href":"https:\/\/it.sdu.dk\/index.php?rest_route=%2Fwp%2Fv2%2Fproduct_cat&post=18678"},{"taxonomy":"product_tag","embeddable":true,"href":"https:\/\/it.sdu.dk\/index.php?rest_route=%2Fwp%2Fv2%2Fproduct_tag&post=18678"}],"curies":[{"name":"wp","href":"https:\/\/api.w.org\/{rel}","templated":true}]}}