{"id":16004,"date":"2025-09-16T10:58:51","date_gmt":"2025-09-16T09:58:51","guid":{"rendered":"https:\/\/it.sdu.dk\/?post_type=product&#038;p=16004"},"modified":"2026-05-07T07:15:54","modified_gmt":"2026-05-07T06:15:54","slug":"iphone-17-pro-max","status":"publish","type":"product","link":"https:\/\/it.sdu.dk\/?product=iphone-17-pro-max","title":{"rendered":"iPhone 17 Pro Max"},"content":{"rendered":"<p><strong>OBS der er INGEN oplader og hovedetelefoner i kassen<\/strong> \u2013 der spares p\u00e5 resourcerne \u2013 brug noget af det du har i forvejen eller k\u00f8b 20W USB-C str\u00f8mforsyning<\/p>\n<p><strong>iPhone 17 Pro Max oplader stik er USB-C. Der medf\u00f8lger et USB-C til USB-C kabel i kassen, men IKKE en oplader, den skal bestilles seperat.<\/strong><br \/>\nDen har IKKE Lightning stik som \u00e6ldre iPhones.,<br \/>\nMan kan godt bruge andre USB-C str\u00f8mforsyninger &#8211; ogs\u00e5 dem til Mac og PC.<\/p>\n<p>Hvis du har brug for en ny Apple-str\u00f8mforsyning eller hovedtelefoner, kan du k\u00f8be dem.<\/p>\n","protected":false},"excerpt":{"rendered":"<p><b>Bestilles i den farve der er p\u00e5 lager \u2013 hvis bestemt farve \u00f8nskes, noter dette i note p\u00e5 ordren<\/b><\/p>\n<p>6,9\u2033 OLED Super Retina XDR-sk\u00e6rm 2868\u2011by 1320 pixel at 460 ppi<br \/>\nProMotion-teknologi op til 120Hz<br \/>\nAdvanced triple-camera system<br \/>\n48 MP Fusion-hovedkamera, 48 MP Fusion-ultravidvinkel, 48 MP Fusion-tele<br \/>\nOptisk zoom 0,5x, 1x, 2x, 4x og 8x<br \/>\n18 MP Center Stage Frontkamera<br \/>\nAnsigts\u00adgen\u00adkendelse via TrueDepth-kameraet til sikker autentificering og Apple Pay<br \/>\nApple A19 Bionic (6-kerners CPU, 6\u2011core GPU, 16\u2011core Neural Engine)<br \/>\nMobilnetv\u00e6rk og tr\u00e5dl\u00f8s tekno\u00adlogi : 5G<br \/>\nBluetooth\u00a06<br \/>\nRated IP68 (maximum depth of 6 meters up to 30 minutes)<br \/>\nOpladning \u2013 Tr\u00e5dl\u00f8s MagSafe-opladning (25W), Qi2-opladere (15W) og via USB-C-stik<br \/>\n<strong>OBS der er INGEN oplader og hovedetelefoner i kassen<\/strong> \u2013 der spares p\u00e5 resourcerne \u2013 brug noget af det du har i forvejen eller k\u00f8b 20W USB-C str\u00f8mforsyning<br \/>\nDer medf\u00f8lger 1 m USB\u2011C til USB-C kabel<br \/>\nDobbelt-SIM (to aktive eSIMs eller nano-sim og eSIM)<br \/>\nMere information p\u00e5 <a href=\"https:\/\/www.apple.com\/dk\/iphone-17-pro\/specs\/\">https:\/\/www.apple.com\/dk\/iphone-17-pro\/specs\/<\/a><\/p>\n<p>&nbsp;<\/p>\n","protected":false},"featured_media":15974,"template":"","meta":[],"product_brand":[],"product_cat":[27],"product_tag":[],"class_list":{"0":"post-16004","1":"product","2":"type-product","3":"status-publish","4":"has-post-thumbnail","6":"product_cat-iphone","7":"pa_color-deepblue","8":"pa_color-lagerfarve","9":"pa_storagesize-1-tb","10":"pa_storagesize-256-gb","11":"pa_storagesize-512-gb","13":"first","14":"instock","15":"shipping-taxable","16":"purchasable","17":"product-type-variable","18":"has-default-attributes","19":"add-to-wishlist-after_add_to_cart"},"_links":{"self":[{"href":"https:\/\/it.sdu.dk\/index.php?rest_route=\/wp\/v2\/product\/16004","targetHints":{"allow":["GET"]}}],"collection":[{"href":"https:\/\/it.sdu.dk\/index.php?rest_route=\/wp\/v2\/product"}],"about":[{"href":"https:\/\/it.sdu.dk\/index.php?rest_route=\/wp\/v2\/types\/product"}],"wp:featuredmedia":[{"embeddable":true,"href":"https:\/\/it.sdu.dk\/index.php?rest_route=\/wp\/v2\/media\/15974"}],"wp:attachment":[{"href":"https:\/\/it.sdu.dk\/index.php?rest_route=%2Fwp%2Fv2%2Fmedia&parent=16004"}],"wp:term":[{"taxonomy":"product_brand","embeddable":true,"href":"https:\/\/it.sdu.dk\/index.php?rest_route=%2Fwp%2Fv2%2Fproduct_brand&post=16004"},{"taxonomy":"product_cat","embeddable":true,"href":"https:\/\/it.sdu.dk\/index.php?rest_route=%2Fwp%2Fv2%2Fproduct_cat&post=16004"},{"taxonomy":"product_tag","embeddable":true,"href":"https:\/\/it.sdu.dk\/index.php?rest_route=%2Fwp%2Fv2%2Fproduct_tag&post=16004"}],"curies":[{"name":"wp","href":"https:\/\/api.w.org\/{rel}","templated":true}]}}