{"id":15915,"date":"2025-09-16T08:42:32","date_gmt":"2025-09-16T07:42:32","guid":{"rendered":"https:\/\/it.sdu.dk\/?post_type=product&#038;p=15915"},"modified":"2026-01-29T09:12:27","modified_gmt":"2026-01-29T08:12:27","slug":"iphone-17","status":"publish","type":"product","link":"https:\/\/it.sdu.dk\/?product=iphone-17","title":{"rendered":"iPhone 17"},"content":{"rendered":"<p><strong>OBS der er INGEN oplader og hovedetelefoner i kassen<\/strong> \u2013 der spares p\u00e5 resourcerne \u2013 brug noget af det du har i forvejen eller k\u00f8b 20W USB-C str\u00f8mforsyning<\/p>\n<p><strong>iPhone 17 oplader stik er USB-C. Der medf\u00f8lger et USB-C til USB-C kabel i kassen, men IKKE en oplader, den skal bestilles seperat.<\/strong><br \/>\nDen har IKKE Lightning stik som \u00e6ldre iPhones.,<br \/>\nMan kan godt bruge andre USB-C str\u00f8mforsyninger &#8211; ogs\u00e5 dem til Mac og PC.<\/p>\n<p>Hvis du har brug for en ny Apple-str\u00f8mforsyning eller hovedtelefoner, kan du k\u00f8be dem.<\/p>\n","protected":false},"excerpt":{"rendered":"<p><strong><span style=\"color: #993300;\">OBS OBS OBS IPHONE 17 KAN IKKE LEVERES LIGE NU FEBRUAR 2026. OBS OBS<\/span><\/strong><\/p>\n<p><b>Bestilles i den farve der er p\u00e5 lager \u2013 hvis bestemt farve \u00f8nskes, noter dette i note p\u00e5 ordren<\/b><\/p>\n<p>6,3\u2033 OLED Super Retina XDR-sk\u00e6rm 2622\u2011by 1206 pixel at 460 ppi<br \/>\nProMotion-teknologi op til 120Hz<br \/>\nAdvanced dual-camera system<br \/>\nFusion-dobbelt\u00adkamerasystem 48 MP Fusion-hoved\u00adkamera and 48 MP Fusion-ultra\u00advid\u00advinkel<br \/>\nOptisk zoom 0,5x, 1x og 2x<br \/>\n18 MP Center Stage Frontkamera<br \/>\nAnsigts\u00adgen\u00adkendelse via TrueDepth-kameraet til sikker autentificering og Apple Pay<br \/>\nApple A19 Bionic (6-kerners CPU, 5\u2011core GPU, 16\u2011core Neural Engine)<br \/>\nMobilnetv\u00e6rk og tr\u00e5dl\u00f8s tekno\u00adlogi : 5G<br \/>\nBluetooth\u00a06<br \/>\nRated IP68 (maximum depth of 6 meters up to 30 minutes)<br \/>\nOpladning \u2013 Tr\u00e5dl\u00f8s MagSafe-opladning (25W), Qi2-opladere (15W) og via USB-C-stik<br \/>\n<strong>OBS der er INGEN oplader og hovedetelefoner i kassen<\/strong> \u2013 der spares p\u00e5 resourcerne \u2013 brug noget af det du har i forvejen eller k\u00f8b 20W USB-C str\u00f8mforsyning<br \/>\nDer medf\u00f8lger 1 m USB\u2011C til USB-C kabel<br \/>\nDobbelt-SIM (to aktive eSIMs eller nano-sim og eSIM)<br \/>\nMere information p\u00e5 <a href=\"https:\/\/www.apple.com\/dk\/iphone-17\/specs\/\">https:\/\/www.apple.com\/dk\/iphone-17\/specs\/<\/a><\/p>\n<p>&nbsp;<\/p>\n","protected":false},"featured_media":15941,"template":"","meta":[],"product_brand":[],"product_cat":[27],"product_tag":[],"class_list":{"0":"post-15915","1":"product","2":"type-product","3":"status-publish","4":"has-post-thumbnail","6":"product_cat-iphone","7":"pa_color-black","8":"pa_color-lagerfarve","9":"pa_storagesize-256-gb","10":"pa_storagesize-512-gb","12":"first","13":"instock","14":"shipping-taxable","15":"purchasable","16":"product-type-variable","17":"has-default-attributes","18":"add-to-wishlist-after_add_to_cart"},"_links":{"self":[{"href":"https:\/\/it.sdu.dk\/index.php?rest_route=\/wp\/v2\/product\/15915","targetHints":{"allow":["GET"]}}],"collection":[{"href":"https:\/\/it.sdu.dk\/index.php?rest_route=\/wp\/v2\/product"}],"about":[{"href":"https:\/\/it.sdu.dk\/index.php?rest_route=\/wp\/v2\/types\/product"}],"wp:featuredmedia":[{"embeddable":true,"href":"https:\/\/it.sdu.dk\/index.php?rest_route=\/wp\/v2\/media\/15941"}],"wp:attachment":[{"href":"https:\/\/it.sdu.dk\/index.php?rest_route=%2Fwp%2Fv2%2Fmedia&parent=15915"}],"wp:term":[{"taxonomy":"product_brand","embeddable":true,"href":"https:\/\/it.sdu.dk\/index.php?rest_route=%2Fwp%2Fv2%2Fproduct_brand&post=15915"},{"taxonomy":"product_cat","embeddable":true,"href":"https:\/\/it.sdu.dk\/index.php?rest_route=%2Fwp%2Fv2%2Fproduct_cat&post=15915"},{"taxonomy":"product_tag","embeddable":true,"href":"https:\/\/it.sdu.dk\/index.php?rest_route=%2Fwp%2Fv2%2Fproduct_tag&post=15915"}],"curies":[{"name":"wp","href":"https:\/\/api.w.org\/{rel}","templated":true}]}}