{"id":13465,"date":"2025-02-26T11:11:56","date_gmt":"2025-02-26T10:11:56","guid":{"rendered":"https:\/\/it.sdu.dk\/?post_type=product&#038;p=13465"},"modified":"2026-03-03T14:53:12","modified_gmt":"2026-03-03T13:53:12","slug":"iphone-16e","status":"publish","type":"product","link":"https:\/\/it.sdu.dk\/?product=iphone-16e","title":{"rendered":"iPhone 17e (SDU STANDARD)"},"content":{"rendered":"<p>OBS der er INGEN oplader og hovedetelefoner i kassen \u2013 der spares p\u00e5 resourcerne \u2013 brug noget af det du har i forvejen eller k\u00f8b 20W USB-C str\u00f8mforsyning<\/p>\n<p><strong>iPhone 17e oplader stik er USB-C. Der medf\u00f8lger et USB-C til USB-C kabel i kassen, men IKKE en oplader, den skal bestilles seperat.<\/strong><br \/>\nDen har IKKE Lightning stik som \u00e6ldre iPhones.,<br \/>\nMan kan godt bruge andre USB-C str\u00f8mforsyninger &#8211; ogs\u00e5 dem til Mac og PC.<\/p>\n<p>Hvis du har brug for en ny Apple-str\u00f8mforsyning eller hovedtelefoner, kan du k\u00f8be dem.<\/p>\n","protected":false},"excerpt":{"rendered":"<p>17e kan ikke leveres fra dag til dag da det er en helt ny model.<\/p>\n<p>6,1\u2033 Super Retina XDR-sk\u00e6rm 2532 x 1170 pixel at 460 ppi<br \/>\n48MP Fusion: 26 mm, \u0192\/1.6 aperture, optical image stabilization, Hybrid Focus Pixels, super-high-resolution photos (24MP and 48MP)<br \/>\n12 MP TrueDepth-Frontkamera<br \/>\nFace ID Enabled by TrueDepth camera for facial recognition<br \/>\nApple A19 Bionic (6-core CPU, 4\u2011core GPU, 16\u2011core Neural Engine)<br \/>\nAction button<br \/>\nMobilnetv\u00e6rk og tr\u00e5dl\u00f8s tekno\u00adlogi : 5G<br \/>\nSIM Card &#8211; Nano-sim and Dual eSIM<br \/>\nRated IP68 (maximum depth of 6 meters up to 30 minutes)<br \/>\nOpladning \u2013Wireless Qi2-opladere (15W) og 20W via USB-C-stik<\/p>\n<p><strong>OBS der er INGEN oplader og hovedetelefoner i kassen<\/strong> \u2013 der spares p\u00e5 resourcerne \u2013 brug noget af det du har i forvejen eller k\u00f8b 20W USB-C str\u00f8mforsyning<br \/>\nDer medf\u00f8lger USB\u2011C til USB-C kabel<\/p>\n<p>Mere information p\u00e5 <a href=\"https:\/\/www.apple.com\/dk\/iphone-17e\/specs\/\" target=\"_blank\" rel=\"noopener\">https:\/\/www.apple.com\/dk\/iphone-17e\/specs\/<\/a><\/p>\n<header class=\"woocommerce-products-header\">\n<div class=\"term-description\">\n<p style=\"text-align: left;\"><strong>Levering lige nu.<\/strong><br \/>\nNedenfor er link til en af vores leverand\u00f8res eshop.<br \/>\nTallene kan skifte hurtigt og ved f\u00e5 p\u00e5 lager kan det v\u00e6re at vores ordre ikke n\u00e5r at f\u00e5 af dem der er p\u00e5 lager.<br \/>\n<a href=\"https:\/\/www.atea.dk\/eshop\/products\/telefoni\/mobiltelefoner-og-tilbehor\/5g-telefoner\/?filters=A4_3346%7EC_1707_4528%7EEF_763%7ESO_1_1\">Lager status p\u00e5 iPhone ved SDU leverand\u00f8r<\/a><\/p>\n<\/div>\n<\/header>\n","protected":false},"featured_media":13477,"template":"","meta":[],"product_brand":[],"product_cat":[27],"product_tag":[],"class_list":{"0":"post-13465","1":"product","2":"type-product","3":"status-publish","4":"has-post-thumbnail","6":"product_cat-iphone","7":"pa_color-lagerfarve","8":"pa_storagesize-128-gb","9":"pa_storagesize-256-gb","10":"pa_storagesize-512-gb","12":"first","13":"instock","14":"featured","15":"shipping-taxable","16":"purchasable","17":"product-type-variable","18":"has-default-attributes","19":"add-to-wishlist-after_add_to_cart"},"_links":{"self":[{"href":"https:\/\/it.sdu.dk\/index.php?rest_route=\/wp\/v2\/product\/13465","targetHints":{"allow":["GET"]}}],"collection":[{"href":"https:\/\/it.sdu.dk\/index.php?rest_route=\/wp\/v2\/product"}],"about":[{"href":"https:\/\/it.sdu.dk\/index.php?rest_route=\/wp\/v2\/types\/product"}],"wp:featuredmedia":[{"embeddable":true,"href":"https:\/\/it.sdu.dk\/index.php?rest_route=\/wp\/v2\/media\/13477"}],"wp:attachment":[{"href":"https:\/\/it.sdu.dk\/index.php?rest_route=%2Fwp%2Fv2%2Fmedia&parent=13465"}],"wp:term":[{"taxonomy":"product_brand","embeddable":true,"href":"https:\/\/it.sdu.dk\/index.php?rest_route=%2Fwp%2Fv2%2Fproduct_brand&post=13465"},{"taxonomy":"product_cat","embeddable":true,"href":"https:\/\/it.sdu.dk\/index.php?rest_route=%2Fwp%2Fv2%2Fproduct_cat&post=13465"},{"taxonomy":"product_tag","embeddable":true,"href":"https:\/\/it.sdu.dk\/index.php?rest_route=%2Fwp%2Fv2%2Fproduct_tag&post=13465"}],"curies":[{"name":"wp","href":"https:\/\/api.w.org\/{rel}","templated":true}]}}