{"id":12188,"date":"2024-10-31T14:23:04","date_gmt":"2024-10-31T13:23:04","guid":{"rendered":"https:\/\/it.sdu.dk\/?post_type=product&#038;p=12188"},"modified":"2026-03-24T08:58:15","modified_gmt":"2026-03-24T07:58:15","slug":"macbook-pro-16","status":"publish","type":"product","link":"https:\/\/it.sdu.dk\/?product=macbook-pro-16","title":{"rendered":"MacBook Pro 16&#8243; M5Pro or M5Max (for\u00e5r 2026)"},"content":{"rendered":"","protected":false},"excerpt":{"rendered":"<p><a href=\"https:\/\/it.sdu.dk\/?page_id=7124\" target=\"_blank\" rel=\"noopener\">Generel k\u00f8bs vejledning: Til Mac med \u00a0M, M Pro og Max processor er her<\/a><\/p>\n<p><b>Bestilles i den farve der er p\u00e5 lager &#8211; hvis bestemt farve \u00f8nskes, noter dette i note p\u00e5 ordren.<\/b><\/p>\n<p><strong>ALLE modeller har medf\u00f8lgende USB-C str\u00f8mforsyning<\/strong><\/p>\n<p>OBS OBS <a href=\"https:\/\/www.apple.com\/macbook-pro\/specs\/\" target=\"_blank\" rel=\"noopener\">se spec her<\/a><\/p>\n<ul>\n<li class=\"badge\">Apple M5Pro or M5 Max chip<\/li>\n<li>16.2-inch (diagonal) Liquid Retina XDR display, 1000 nits<\/li>\n<li>3456-by-2234 native resolution at 254 pixels per inch<\/li>\n<li>M4Pro Up to 17 hours wireless web<\/li>\n<li>M4Max Up to 16 hours wireless web<\/li>\n<li>96W or 140W USB-C Power Adapter and USB-C to MagSafe 3 Cable<\/li>\n<li>SDXC card slot<\/li>\n<li>HDMI port<\/li>\n<li>3.5 mm headphone jack<\/li>\n<li>MagSafe 3 port<\/li>\n<li>Three Thunderbolt (USB4) ports with support for\n<ul>\n<li>Charging<\/li>\n<li>DisplayPort<\/li>\n<li>M5 Thunderbolt 4 (up to 40Gb\/s)\n<p class=\"techspecs-subheader\">M5 Pro og M5 Max \u00a0Thunderbolt 5-porte (op til 120 Gb\/s)<\/p>\n<\/li>\n<li>USB 4 (up to 40Gb\/s)<\/li>\n<li>USB 3.1 Gen 2 (up to 10Gb\/s)\n<div class=\"techspecs rowgroup rowgroup-battery with-1-column\" role=\"rowgroup\" data-analytics-activitymap-region-id=\"battery\"><\/div>\n<\/li>\n<\/ul>\n<figure><\/figure>\n<\/li>\n<li>16 GB, 24 GB, 32 GB, 64 GB or 128 GB memory<\/li>\n<li>512 GB, 1 TB, 2 TB, 4 TB, 8 TB storage<\/li>\n<li>Backlit Magic Keyboard<\/li>\n<li>Touch ID sensor<\/li>\n<li>M5: Wi\u2011Fi 6E (802.11ax) \u2013 Bluetooth 5.3<\/li>\n<li>M5 Pro og M5 Max Wi-Fi 7 (802.11be)6 \u2013 Bluetooth 6<\/li>\n<li>12MP Center Stage camera with support for Desk View<\/li>\n<li>Display support &#8211; <a href=\"https:\/\/www.apple.com\/macbook-pro\/specs\/\" target=\"_blank\" rel=\"noopener\">look at spec apple.com<\/a><\/li>\n<li>Native DisplayPort output over USB-C<\/li>\n<li>VGA, HDMI, DVI output supported using adapters<\/li>\n<li>Height: 0.61 inch (1.55 cm)<\/li>\n<li>Width: 12.31 inches (31.26 cm)<\/li>\n<li>Depth: 8.71 inches (22.12 cm)<\/li>\n<li>Weight (M5): 3.4 pounds (1.55 kg)<\/li>\n<li>Weight (M5 Pro): 3.5 pounds (1.61 kg)<\/li>\n<li>Weight (M5 Max): 3.6 pounds (1.62 kg)<\/li>\n<li>In the Box; 96W USB-C Power Adapter, USB-C to MagSafe 3 Cable (2 m)<\/li>\n<li>4 Year hardware warranty thru\u00a0SDU<\/li>\n<\/ul>\n<p><a href=\"https:\/\/www.apple.com\/macbook-pro-14-and-16\/specs\/\" target=\"_blank\" rel=\"noopener\">Please check Apple for complet specifications<\/a><br \/>\n<a href=\"https:\/\/www.apple.com\/dk\/mac\/compare\/?modelList=MacBookPro-13-M1,MacBook-Pro-14,MacBook-Pro-16-2021\" target=\"_blank\" rel=\"noopener\">Compare different Mac models<\/a><\/p>\n<p>About the new Apple MBPro 14&#8243; and 16&#8243; M chip please <a href=\"https:\/\/www.apple.com\/macbook-pro-14-and-16\/\">read here<\/a><br \/>\nStandard SDU programs &#8211; like Office Programs, Acrobat, EndNote, SPSS, STATA, GraphPad Prism etc. have been tested and run fine on M Macs.<br \/>\nSome programs don\u00b4t run on M chip &#8211; please check your special programs<\/p>\n","protected":false},"featured_media":7964,"template":"","meta":[],"product_brand":[],"product_cat":[22,23],"product_tag":[],"class_list":{"0":"post-12188","1":"product","2":"type-product","3":"status-publish","4":"has-post-thumbnail","6":"product_cat-computer","7":"product_cat-mac","8":"pa_color-lagerfarve","9":"pa_memory-16-gb","10":"pa_memory-24-gb","11":"pa_memory-36gb","12":"pa_memory-48-gb","13":"pa_storagesize-1-tb","14":"pa_storagesize-2-tb","15":"pa_storagesize-4-tb","16":"pa_storagesize-512-gb","17":"pa_storagesize-8-tb","19":"first","20":"instock","21":"shipping-taxable","22":"purchasable","23":"product-type-variable","24":"has-default-attributes","25":"add-to-wishlist-after_add_to_cart"},"_links":{"self":[{"href":"https:\/\/it.sdu.dk\/index.php?rest_route=\/wp\/v2\/product\/12188","targetHints":{"allow":["GET"]}}],"collection":[{"href":"https:\/\/it.sdu.dk\/index.php?rest_route=\/wp\/v2\/product"}],"about":[{"href":"https:\/\/it.sdu.dk\/index.php?rest_route=\/wp\/v2\/types\/product"}],"wp:featuredmedia":[{"embeddable":true,"href":"https:\/\/it.sdu.dk\/index.php?rest_route=\/wp\/v2\/media\/7964"}],"wp:attachment":[{"href":"https:\/\/it.sdu.dk\/index.php?rest_route=%2Fwp%2Fv2%2Fmedia&parent=12188"}],"wp:term":[{"taxonomy":"product_brand","embeddable":true,"href":"https:\/\/it.sdu.dk\/index.php?rest_route=%2Fwp%2Fv2%2Fproduct_brand&post=12188"},{"taxonomy":"product_cat","embeddable":true,"href":"https:\/\/it.sdu.dk\/index.php?rest_route=%2Fwp%2Fv2%2Fproduct_cat&post=12188"},{"taxonomy":"product_tag","embeddable":true,"href":"https:\/\/it.sdu.dk\/index.php?rest_route=%2Fwp%2Fv2%2Fproduct_tag&post=12188"}],"curies":[{"name":"wp","href":"https:\/\/api.w.org\/{rel}","templated":true}]}}