{"id":1209,"date":"2024-01-15T15:21:37","date_gmt":"2024-01-15T14:21:37","guid":{"rendered":"https:\/\/it.sdu.dk\/?post_type=product&#038;p=1209"},"modified":"2026-02-10T15:11:26","modified_gmt":"2026-02-10T14:11:26","slug":"logitech-spotlight-plus-presenter","status":"publish","type":"product","link":"https:\/\/it.sdu.dk\/?product=logitech-spotlight-plus-presenter","title":{"rendered":"Logitech Spotlight Plus presenter"},"content":{"rendered":"","protected":false},"excerpt":{"rendered":"<p>Logitech Spotlight Plus fjernbetjening til pr\u00e6sentation &#8211;<br \/>\n<strong>Denne enhed flytter musen p\u00e5 computeren og kan fremh\u00f8ve omr\u00e5det omkring musen.<\/strong><\/p>\n<h3><strong>Dette er IKKE en laser pointer<\/strong>.<\/h3>\n<div class=\"productcard-tabs_wrapper\">\n<div class=\"productcard-tabs ns_shadow_container\" role=\"tablist\" aria-label=\"Produktkortfaner\">\n<div id=\"tabpanel-productfeatures\" class=\"ns_p_h_4 ns_p_v_5 nsu-overflow_auto\" role=\"tabpanel\" aria-labelledby=\"productcard-tab-productfeatures\">\n<div id=\"css-product-features\">\n<p>&nbsp;<\/p>\n<p>Spotlight og den medf\u00f8lgende app giver en lang r\u00e6kke smarte apps som du kan tilpasse dine egne behov. Tr\u00e6d ind p\u00e5 scenen &#8211; og v\u00e6r i dit es.<\/p>\n<h3>Intuitiv skift mellem slides<\/h3>\n<p>Spotlight har tre intuitive kontrolknapper som er nemme at bruge.<\/p>\n<h3>Dobbelt forbindelse<\/h3>\n<p>Spotlight har plug and play-funktionalitet p\u00e5 kompatible computere via en USB-modtager eller Bluetooth. Spotlight s\u00f8rger for at computeren kontant er aktiv s\u00e5 l\u00e6nge du holder din pr\u00e6sentation.<\/p>\n<h3>Hurtig opladning<\/h3>\n<p>Med USB-C-opladningskablet f\u00e5r du 3 timers brug fra 1 minuts opladning &#8211; og en fuld opladning tager kun 60 minutter. Enheden vibrerer, og batteriindikatoren lyser r\u00f8dt n\u00e5r batteriet skal genoplades.<\/p>\n<h3>Avanceret mark\u00f8rsystem<\/h3>\n<p>Med Logitech Presentation-appen kan du v\u00e6lge den mark\u00f8rtilstand der passer dig bedst. Forst\u00f8r billedet og zoom ind p\u00e5 specifikke detaljer. Fremh\u00e6v indhold med en vignet som sl\u00f8rer omkringliggende indhold.<\/p>\n<h3>Brugertilpassede knapper<\/h3>\n<p>V\u00e6lg mellem en r\u00e6kke brugertilpassede kontrolfunktioner som passer til enhver pr\u00e6sentation. Konfigurer Spotlights bagerste knap via appen &#8211; du bestemmer om der skal v\u00e6re blank sk\u00e6rm, justering af lydstyrken, bev\u00e6gelsesregistrering eller mere.<\/p>\n<h3>Smart tidsstyring<\/h3>\n<p>I appen kan du indstille en timer p\u00e5 sk\u00e6rmen som starter n\u00e5r du aktivere f\u00f8rste slide. Du kan ogs\u00e5 tidsbestemte advarsler som f\u00e5r fjernbetjeningen til at vibrere i din h\u00e5nd &#8211; s\u00e5 du altid har styr p\u00e5 tiden under pr\u00e6sentationen.<\/p>\n<\/div>\n<\/div>\n<\/div>\n<\/div>\n","protected":false},"featured_media":1212,"template":"","meta":[],"product_brand":[],"product_cat":[22,29,84],"product_tag":[],"class_list":{"0":"post-1209","1":"product","2":"type-product","3":"status-publish","4":"has-post-thumbnail","6":"product_cat-computer","7":"product_cat-com_tilbehoer","8":"product_cat-mac_tilbehoer","10":"first","11":"instock","12":"shipping-taxable","13":"purchasable","14":"product-type-simple","15":"add-to-wishlist-after_add_to_cart"},"_links":{"self":[{"href":"https:\/\/it.sdu.dk\/index.php?rest_route=\/wp\/v2\/product\/1209","targetHints":{"allow":["GET"]}}],"collection":[{"href":"https:\/\/it.sdu.dk\/index.php?rest_route=\/wp\/v2\/product"}],"about":[{"href":"https:\/\/it.sdu.dk\/index.php?rest_route=\/wp\/v2\/types\/product"}],"wp:featuredmedia":[{"embeddable":true,"href":"https:\/\/it.sdu.dk\/index.php?rest_route=\/wp\/v2\/media\/1212"}],"wp:attachment":[{"href":"https:\/\/it.sdu.dk\/index.php?rest_route=%2Fwp%2Fv2%2Fmedia&parent=1209"}],"wp:term":[{"taxonomy":"product_brand","embeddable":true,"href":"https:\/\/it.sdu.dk\/index.php?rest_route=%2Fwp%2Fv2%2Fproduct_brand&post=1209"},{"taxonomy":"product_cat","embeddable":true,"href":"https:\/\/it.sdu.dk\/index.php?rest_route=%2Fwp%2Fv2%2Fproduct_cat&post=1209"},{"taxonomy":"product_tag","embeddable":true,"href":"https:\/\/it.sdu.dk\/index.php?rest_route=%2Fwp%2Fv2%2Fproduct_tag&post=1209"}],"curies":[{"name":"wp","href":"https:\/\/api.w.org\/{rel}","templated":true}]}}