{"id":1184,"date":"2021-03-26T14:23:43","date_gmt":"2021-03-26T13:23:43","guid":{"rendered":"https:\/\/it.sdu.dk\/?post_type=product&#038;p=1184"},"modified":"2024-06-11T13:20:51","modified_gmt":"2024-06-11T12:20:51","slug":"skaerme","status":"publish","type":"product","link":"https:\/\/it.sdu.dk\/?product=skaerme","title":{"rendered":"Sk\u00e6rme"},"content":{"rendered":"","protected":false},"excerpt":{"rendered":"<p>SDU har aftale og gode priser p\u00e5 3 forskelige sk\u00e6rme<\/p>\n<p>HP E23 Elitedisplay &#8211;\u00a023&#8243; &#8211; opl\u00f8sning 1920 x 1080 &#8211;<br \/>\nVare nr\u00a09VF96AA-E23-SDU<\/p>\n<p>HP EliteDisplay E27q &#8211; 27&#8243; &#8211; opl\u00f8sning 2560 x 1440 &#8211;<br \/>\nVare nr 9VG82AA_E27Q-SDU<\/p>\n<p>HP Z27k G3 4K &#8211; 27&#8243; &#8211; opl\u00f8sning 3840\u00d72160 &#8211; USB-C stik<br \/>\nVare nr 1B9T0AA-Z27K-SDU<\/p>\n<p>&nbsp;<\/p>\n","protected":false},"featured_media":546,"template":"","meta":[],"product_brand":[],"product_cat":[33],"product_tag":[],"class_list":{"0":"post-1184","1":"product","2":"type-product","3":"status-publish","4":"has-post-thumbnail","6":"product_cat-skaerme","8":"first","9":"instock","10":"shipping-taxable","11":"product-type-grouped","12":"add-to-wishlist-after_add_to_cart"},"_links":{"self":[{"href":"https:\/\/it.sdu.dk\/index.php?rest_route=\/wp\/v2\/product\/1184","targetHints":{"allow":["GET"]}}],"collection":[{"href":"https:\/\/it.sdu.dk\/index.php?rest_route=\/wp\/v2\/product"}],"about":[{"href":"https:\/\/it.sdu.dk\/index.php?rest_route=\/wp\/v2\/types\/product"}],"wp:featuredmedia":[{"embeddable":true,"href":"https:\/\/it.sdu.dk\/index.php?rest_route=\/wp\/v2\/media\/546"}],"wp:attachment":[{"href":"https:\/\/it.sdu.dk\/index.php?rest_route=%2Fwp%2Fv2%2Fmedia&parent=1184"}],"wp:term":[{"taxonomy":"product_brand","embeddable":true,"href":"https:\/\/it.sdu.dk\/index.php?rest_route=%2Fwp%2Fv2%2Fproduct_brand&post=1184"},{"taxonomy":"product_cat","embeddable":true,"href":"https:\/\/it.sdu.dk\/index.php?rest_route=%2Fwp%2Fv2%2Fproduct_cat&post=1184"},{"taxonomy":"product_tag","embeddable":true,"href":"https:\/\/it.sdu.dk\/index.php?rest_route=%2Fwp%2Fv2%2Fproduct_tag&post=1184"}],"curies":[{"name":"wp","href":"https:\/\/api.w.org\/{rel}","templated":true}]}}