{"id":11728,"date":"2024-09-30T11:57:07","date_gmt":"2024-09-30T10:57:07","guid":{"rendered":"https:\/\/it.sdu.dk\/?post_type=product&#038;p=11728"},"modified":"2025-10-24T13:22:12","modified_gmt":"2025-10-24T12:22:12","slug":"ipad-smart-folio-cover","status":"publish","type":"product","link":"https:\/\/it.sdu.dk\/?product=ipad-smart-folio-cover","title":{"rendered":"iPad Smart Folio cover"},"content":{"rendered":"<p>Smart Folio til iPad underst\u00f8tter et bredere udvalg af synsvinkler, n\u00e5r du skal l\u00e6se, se film, skrive eller foretage FaceTime-opkald.<br \/>\nDu v\u00e6kker automatisk din iPad, n\u00e5r du \u00e5bner coveret, og s\u00e6tter den p\u00e5 v\u00e5geblus igen, n\u00e5r det lukkes.<br \/>\nDet er tyndt og let og beskytter for- og bagsiden af iPad.<\/p>\n<p>Hvis anden farve end sort\/gr\u00e5 \u00f8nskes noter det.<\/p>\n","protected":false},"excerpt":{"rendered":"<p>Smart Folio til iPad underst\u00f8tter et bredere udvalg af synsvinkler, n\u00e5r du skal l\u00e6se, se film, skrive eller foretage FaceTime-opkald. Du v\u00e6kker automatisk din iPad, n\u00e5r du \u00e5bner coveret, og s\u00e6tter den p\u00e5 v\u00e5geblus igen, n\u00e5r det lukkes. Det er tyndt og let og beskytter for- og bagsiden af iPad. Hvis anden farve end sort\/gr\u00e5 [&hellip;]<\/p>\n","protected":false},"featured_media":11746,"template":"","meta":[],"product_brand":[],"product_cat":[31],"product_tag":[],"class_list":{"0":"post-11728","1":"product","2":"type-product","3":"status-publish","4":"has-post-thumbnail","6":"product_cat-tablet_tilbehoer","8":"first","9":"instock","10":"shipping-taxable","11":"purchasable","12":"product-type-variable","13":"add-to-wishlist-after_add_to_cart"},"_links":{"self":[{"href":"https:\/\/it.sdu.dk\/index.php?rest_route=\/wp\/v2\/product\/11728","targetHints":{"allow":["GET"]}}],"collection":[{"href":"https:\/\/it.sdu.dk\/index.php?rest_route=\/wp\/v2\/product"}],"about":[{"href":"https:\/\/it.sdu.dk\/index.php?rest_route=\/wp\/v2\/types\/product"}],"wp:featuredmedia":[{"embeddable":true,"href":"https:\/\/it.sdu.dk\/index.php?rest_route=\/wp\/v2\/media\/11746"}],"wp:attachment":[{"href":"https:\/\/it.sdu.dk\/index.php?rest_route=%2Fwp%2Fv2%2Fmedia&parent=11728"}],"wp:term":[{"taxonomy":"product_brand","embeddable":true,"href":"https:\/\/it.sdu.dk\/index.php?rest_route=%2Fwp%2Fv2%2Fproduct_brand&post=11728"},{"taxonomy":"product_cat","embeddable":true,"href":"https:\/\/it.sdu.dk\/index.php?rest_route=%2Fwp%2Fv2%2Fproduct_cat&post=11728"},{"taxonomy":"product_tag","embeddable":true,"href":"https:\/\/it.sdu.dk\/index.php?rest_route=%2Fwp%2Fv2%2Fproduct_tag&post=11728"}],"curies":[{"name":"wp","href":"https:\/\/api.w.org\/{rel}","templated":true}]}}