{"id":11422,"date":"2024-09-13T14:01:17","date_gmt":"2024-09-13T13:01:17","guid":{"rendered":"https:\/\/it.sdu.dk\/?post_type=product&#038;p=11422"},"modified":"2026-01-06T09:20:19","modified_gmt":"2026-01-06T08:20:19","slug":"apple-iphone-16","status":"publish","type":"product","link":"https:\/\/it.sdu.dk\/?product=apple-iphone-16","title":{"rendered":"iPhone 16"},"content":{"rendered":"<p>OBS der er INGEN oplader og hovedetelefoner i kassen \u2013 der spares p\u00e5 resourcerne \u2013 brug noget af det du har i forvejen eller k\u00f8b 20W USB-C str\u00f8mforsyning<\/p>\n<p><strong>iPhone 16 oplader stik er USB-C. Der medf\u00f8lger et USB-C til USB-C kabel i kassen, men IKKE en oplader, den skal bestilles seperat.<\/strong><br \/>\nDen har IKKE Lightning stik som \u00e6ldre iPhones.,<br \/>\nMan kan godt bruge andre USB-C str\u00f8mforsyninger &#8211; ogs\u00e5 dem til Mac og PC.<\/p>\n<p>Hvis du har brug for en ny Apple-str\u00f8mforsyning eller hovedtelefoner, kan du k\u00f8be dem.<\/p>\n","protected":false},"excerpt":{"rendered":"<p><b>Bestilles i den farve der er p\u00e5 lager \u2013 hvis bestemt farve \u00f8nskes, noter dette i note p\u00e5 ordren<\/b><\/p>\n<p>6,1\u2033 OLED Super Retina XDR-sk\u00e6rm 2556\u2011by\u20111179-pixel at 460 ppi<br \/>\nAdvanced dual-camera system<br \/>\n48MP Fusion: 26 mm, \u0192\/1.6 aperture, sensor\u2011shift optical image stabilization, support for super-high-resolution photos (24MP and 48MP)<br \/>\nAlso enables 12MP 2x Telephoto: 52 mm, \u0192\/1.6 aperture, sensor-shift optical image stabilization, 100% Focus Pixels<br \/>\n12MP Ultra Wide: 13 mm, \u0192\/2.2 aperture and 120\u00b0 field of view<br \/>\n12 MP TrueDepth-Frontkamera<br \/>\nAnsigts\u00adgen\u00adkendelse via TrueDepth-kameraet til sikker autentificering og Apple Pay<br \/>\nApple A18 Bionic (6-kerners CPU, 5\u2011core GPU, 16\u2011core Neural Engine)<br \/>\nMobilnetv\u00e6rk og tr\u00e5dl\u00f8s tekno\u00adlogi : 5G<br \/>\nRated IP68 (maximum depth of 6 meters up to 30 minutes)<br \/>\nOpladning \u2013 Tr\u00e5dl\u00f8s MagSafe-opladning (25W), Qi2-opladere (15W) og via USB-C-stik<br \/>\n<strong>OBS der er INGEN oplader og hovedetelefoner i kassen<\/strong> \u2013 der spares p\u00e5 resourcerne \u2013 brug noget af det du har i forvejen eller k\u00f8b 20W USB-C str\u00f8mforsyning<br \/>\nDer medf\u00f8lger USB\u2011C til USB-C kabel<br \/>\n<strong>Dobbelt-eSIM (NO nano-sim ONLY eSIM)<\/strong><br \/>\nMere information p\u00e5 <a href=\"https:\/\/www.apple.com\/dk\/iphone-16\/specs\/\">https:\/\/www.apple.com\/dk\/iphone-16\/specs\/<\/a><\/p>\n<header class=\"woocommerce-products-header\">\n<div class=\"term-description\">\n<p style=\"text-align: left;\"><strong>Levering lige nu.<\/strong><br \/>\nNedenfor er link til en af vores leverand\u00f8res eshop.<br \/>\nTallene kan skifte hurtigt og ved f\u00e5 p\u00e5 lager kan det v\u00e6re at vores ordre ikke n\u00e5r at f\u00e5 af dem der er p\u00e5 lager.<br \/>\n<a href=\"https:\/\/www.atea.dk\/eshop\/products\/telefoni\/mobiltelefoner-og-tilbehor\/5g-telefoner\/?filters=A4_3346%7EC_1707_4528%7EEF_763%7ESO_1_1\">Lager status p\u00e5 iPhone ved SDU leverand\u00f8r<\/a><\/p>\n<\/div>\n<\/header>\n","protected":false},"featured_media":11542,"template":"","meta":[],"product_brand":[],"product_cat":[27],"product_tag":[],"class_list":{"0":"post-11422","1":"product","2":"type-product","3":"status-publish","4":"has-post-thumbnail","6":"product_cat-iphone","7":"pa_color-black","8":"pa_color-lagerfarve","9":"pa_storagesize-128-gb","10":"pa_storagesize-256-gb","11":"pa_storagesize-512-gb","13":"first","14":"instock","15":"shipping-taxable","16":"purchasable","17":"product-type-variable","18":"has-default-attributes","19":"add-to-wishlist-after_add_to_cart"},"_links":{"self":[{"href":"https:\/\/it.sdu.dk\/index.php?rest_route=\/wp\/v2\/product\/11422","targetHints":{"allow":["GET"]}}],"collection":[{"href":"https:\/\/it.sdu.dk\/index.php?rest_route=\/wp\/v2\/product"}],"about":[{"href":"https:\/\/it.sdu.dk\/index.php?rest_route=\/wp\/v2\/types\/product"}],"wp:featuredmedia":[{"embeddable":true,"href":"https:\/\/it.sdu.dk\/index.php?rest_route=\/wp\/v2\/media\/11542"}],"wp:attachment":[{"href":"https:\/\/it.sdu.dk\/index.php?rest_route=%2Fwp%2Fv2%2Fmedia&parent=11422"}],"wp:term":[{"taxonomy":"product_brand","embeddable":true,"href":"https:\/\/it.sdu.dk\/index.php?rest_route=%2Fwp%2Fv2%2Fproduct_brand&post=11422"},{"taxonomy":"product_cat","embeddable":true,"href":"https:\/\/it.sdu.dk\/index.php?rest_route=%2Fwp%2Fv2%2Fproduct_cat&post=11422"},{"taxonomy":"product_tag","embeddable":true,"href":"https:\/\/it.sdu.dk\/index.php?rest_route=%2Fwp%2Fv2%2Fproduct_tag&post=11422"}],"curies":[{"name":"wp","href":"https:\/\/api.w.org\/{rel}","templated":true}]}}