{"id":1130,"date":"2021-03-24T14:24:21","date_gmt":"2021-03-24T13:24:21","guid":{"rendered":"https:\/\/it.sdu.dk\/?post_type=product&#038;p=1130"},"modified":"2025-09-17T12:58:54","modified_gmt":"2025-09-17T11:58:54","slug":"lightning-medie-adapter","status":"publish","type":"product","link":"https:\/\/it.sdu.dk\/?product=lightning-medie-adapter","title":{"rendered":"Lightning medie adapter"},"content":{"rendered":"","protected":false},"excerpt":{"rendered":"<div class=\"para-list as-pdp-lastparalist\">\n<p>Lightning til HDMI-mellemstik, der virker med din iPhone, iPad eller iPod med Lightning-stik.<\/p>\n<p>Adapter underst\u00f8tter sk\u00e6rmdublering, s\u00e5 du kan vise det, du ser p\u00e5 din iPhone, Mac eller iPad, p\u00e5 fjernsyn, sk\u00e6rme og projektorer eller andre kompatible sk\u00e6rme i op til 1080p HD. Sk\u00e6rmdublering g\u00e6lder b\u00e5de apps, pr\u00e6sentationer, websites, slideshows m.m.<\/p>\n<\/div>\n","protected":false},"featured_media":1128,"template":"","meta":[],"product_brand":[],"product_cat":[25,30,28,31],"product_tag":[],"class_list":{"0":"post-1130","1":"product","2":"type-product","3":"status-publish","4":"has-post-thumbnail","6":"product_cat-phone","7":"product_cat-phone_tilbehoer","8":"product_cat-tablet","9":"product_cat-tablet_tilbehoer","11":"first","12":"instock","13":"shipping-taxable","14":"purchasable","15":"product-type-variable","16":"has-default-attributes","17":"add-to-wishlist-after_add_to_cart"},"_links":{"self":[{"href":"https:\/\/it.sdu.dk\/index.php?rest_route=\/wp\/v2\/product\/1130","targetHints":{"allow":["GET"]}}],"collection":[{"href":"https:\/\/it.sdu.dk\/index.php?rest_route=\/wp\/v2\/product"}],"about":[{"href":"https:\/\/it.sdu.dk\/index.php?rest_route=\/wp\/v2\/types\/product"}],"wp:featuredmedia":[{"embeddable":true,"href":"https:\/\/it.sdu.dk\/index.php?rest_route=\/wp\/v2\/media\/1128"}],"wp:attachment":[{"href":"https:\/\/it.sdu.dk\/index.php?rest_route=%2Fwp%2Fv2%2Fmedia&parent=1130"}],"wp:term":[{"taxonomy":"product_brand","embeddable":true,"href":"https:\/\/it.sdu.dk\/index.php?rest_route=%2Fwp%2Fv2%2Fproduct_brand&post=1130"},{"taxonomy":"product_cat","embeddable":true,"href":"https:\/\/it.sdu.dk\/index.php?rest_route=%2Fwp%2Fv2%2Fproduct_cat&post=1130"},{"taxonomy":"product_tag","embeddable":true,"href":"https:\/\/it.sdu.dk\/index.php?rest_route=%2Fwp%2Fv2%2Fproduct_tag&post=1130"}],"curies":[{"name":"wp","href":"https:\/\/api.w.org\/{rel}","templated":true}]}}