{"id":10291,"date":"2024-06-14T10:33:46","date_gmt":"2024-06-14T09:33:46","guid":{"rendered":"https:\/\/it.sdu.dk\/?post_type=product&#038;p=10291"},"modified":"2026-02-10T11:29:33","modified_gmt":"2026-02-10T10:29:33","slug":"ipad-air-13-m3","status":"publish","type":"product","link":"https:\/\/it.sdu.dk\/?product=ipad-air-13-m3","title":{"rendered":"iPad Air 13&#8243; M3 (2025)"},"content":{"rendered":"","protected":false},"excerpt":{"rendered":"<p>iPad Air 13&#8243; med M3 processor<\/p>\n<ul>\n<li role=\"listitem\">Liquid Retina-sk\u00e6rm, Multi\u2011Touch-sk\u00e6rm med LED-baggrunds\u00adbe\u00adlysning og IPS-tekno\u00adlogi<\/li>\n<li role=\"listitem\">Opl\u00f8sning p\u00e5 2732\u00a0x\u00a02048 pixels ved 264 (ppi)<\/li>\n<li role=\"listitem\">Lysstyrke: maks. 600 nits<\/li>\n<li role=\"listitem\">Apple M3-chip 8-core CPU med 4 h\u00f8jtydende kerner og 4 effek\u00adtivitetskerner 9-core GPU 16-core Neural Engine<\/li>\n<li role=\"listitem\">8 GB ram p\u00e5 modeller med 128 GB, 256 GB eller 512 GB lagerplads<\/li>\n<li role=\"listitem\">Hardware-accelereret H.264, HEVC<\/li>\n<li role=\"listitem\">Vidvinkel: 12 MP, bl\u00e6nde\u00ad\u00e5bning p\u00e5 \u0192\/1,8 op til 5 x digitalt zoom<\/li>\n<li class=\"[object Object]\" role=\"listitem\">Horisontalt 12\u00a0MP forsidekamera med ultravidvinkel<\/li>\n<li role=\"listitem\">Touch ID knap<\/li>\n<li role=\"listitem\">Up to 10 hours of surfing the web on Wi-Fi or watching video<\/li>\n<li role=\"listitem\">Supports Apple Pencil Pro og \u00a0Apple Pencil (USB\u2011C)<\/li>\n<li role=\"listitem\">Charging and Expansion :\u00a0USB\u2011C<\/li>\n<li role=\"listitem\">Opladning via str\u00f8mforsyning eller USB-C til computer<\/li>\n<li role=\"listitem\">In the Box : iPad Pro, USB\u2011C Charge Cable (1 meter)<\/li>\n<li role=\"listitem\">See more specs on <a href=\"https:\/\/www.apple.com\/dk\/ipad-pro\/specs\/\">Apple.com<\/a><\/li>\n<\/ul>\n<p><strong><span style=\"color: #ff0000;\">OBS Oplader medf\u00f8lger ikke &#8211; bestil evt 20W USB\u2011C Power Adapter &#8211; <a style=\"color: #ff0000;\" href=\"https:\/\/it.sdu.dk\/index.php\/product\/apple-stroemforsyninger\/?attribute_effekt=20W\">Det her vare nr MUVV3ZM\/A<\/a><\/span><\/strong> Hvis \u00f8nsket farve ikke er p\u00e5 lager vil du s\u00e5 have anden farve &#8211; s\u00e5 l\u00e6g denne i kurven. <a href=\"https:\/\/it.sdu.dk\/index.php\/product\/samme-model-bare-anden-farve\/\">https:\/\/it.sdu.dk\/index.php\/product\/samme-model-bare-anden-farve\/<\/a><\/p>\n","protected":false},"featured_media":10279,"template":"","meta":[],"product_brand":[],"product_cat":[81,28],"product_tag":[],"class_list":{"0":"post-10291","1":"product","2":"type-product","3":"status-publish","4":"has-post-thumbnail","6":"product_cat-ipad","7":"product_cat-tablet","8":"pa_color-space-grey","9":"pa_network-4g-simcard","10":"pa_network-wifi-only","11":"pa_storagesize-1-tb","12":"pa_storagesize-128-gb","13":"pa_storagesize-256-gb","14":"pa_storagesize-512-gb","16":"first","17":"instock","18":"shipping-taxable","19":"purchasable","20":"product-type-variable","21":"add-to-wishlist-after_add_to_cart"},"_links":{"self":[{"href":"https:\/\/it.sdu.dk\/index.php?rest_route=\/wp\/v2\/product\/10291","targetHints":{"allow":["GET"]}}],"collection":[{"href":"https:\/\/it.sdu.dk\/index.php?rest_route=\/wp\/v2\/product"}],"about":[{"href":"https:\/\/it.sdu.dk\/index.php?rest_route=\/wp\/v2\/types\/product"}],"wp:featuredmedia":[{"embeddable":true,"href":"https:\/\/it.sdu.dk\/index.php?rest_route=\/wp\/v2\/media\/10279"}],"wp:attachment":[{"href":"https:\/\/it.sdu.dk\/index.php?rest_route=%2Fwp%2Fv2%2Fmedia&parent=10291"}],"wp:term":[{"taxonomy":"product_brand","embeddable":true,"href":"https:\/\/it.sdu.dk\/index.php?rest_route=%2Fwp%2Fv2%2Fproduct_brand&post=10291"},{"taxonomy":"product_cat","embeddable":true,"href":"https:\/\/it.sdu.dk\/index.php?rest_route=%2Fwp%2Fv2%2Fproduct_cat&post=10291"},{"taxonomy":"product_tag","embeddable":true,"href":"https:\/\/it.sdu.dk\/index.php?rest_route=%2Fwp%2Fv2%2Fproduct_tag&post=10291"}],"curies":[{"name":"wp","href":"https:\/\/api.w.org\/{rel}","templated":true}]}}