{"id":10195,"date":"2024-06-13T13:37:17","date_gmt":"2024-06-13T12:37:17","guid":{"rendered":"https:\/\/it.sdu.dk\/?post_type=product&#038;p=10195"},"modified":"2026-02-10T14:51:19","modified_gmt":"2026-02-10T13:51:19","slug":"ipad-pro-11-m4-2024-5-generation","status":"publish","type":"product","link":"https:\/\/it.sdu.dk\/?product=ipad-pro-11-m4-2024-5-generation","title":{"rendered":"iPad Pro 11&#8243; M5 (2025)"},"content":{"rendered":"","protected":false},"excerpt":{"rendered":"<p>iPad Pro 11&#8243; M5 processor<\/p>\n<ul>\n<li role=\"listitem\">OLED-teknologi i to lag &#8211; 11&#8243; (diagonalt) Multi-Touch-sk\u00e6rm med LED-baggrunds\u00adbe\u00adlysning og IPS-tekno\u00adlogi<\/li>\n<li role=\"listitem\">Opl\u00f8sning p\u00e5 2420 x 1668 pixels ved 264 (ppi)<\/li>\n<li role=\"listitem\">ProMotion-teknologi med adaptive opdaterings\u00adfrekvenser fra 10 Hz til 120 Hz<\/li>\n<li role=\"listitem\">Lysstyrke: maks. 1000 nits<\/li>\n<li role=\"listitem\">Apple M4-chip<br \/>\n9-core CPU med 3 h\u00f8jtydende kerner og 6 effek\u00adtivitetskerner<br \/>\n10-core GPU<br \/>\n16-core Neural Engine<\/li>\n<li role=\"listitem\">12 GB ram p\u00e5 modeller med 256 GB eller 512 GB lagerplads<\/li>\n<li role=\"listitem\">16 GB ram p\u00e5 modeller med 1 TB eller 2 TB lagerplads<\/li>\n<li role=\"listitem\">Hardware-accelereret H.264, HEVC, ProRes og ProRes\u00a0RAW<\/li>\n<li role=\"listitem\">Pro-kamerasystem: vidvinkel- og ultravidvinkelkameraer<\/li>\n<li role=\"listitem\">Vidvinkel: 12\u00a0MP, bl\u00e6nde\u00ad\u00e5bning p\u00e5 \u0192\/1,8<\/li>\n<li role=\"listitem\">Ultravidvinkel: 10\u00a0MP, bl\u00e6nde\u00ad\u00e5bning p\u00e5 \u0192\/2,4 og 125-graders synsfelt<\/li>\n<li role=\"listitem\">2 x optisk zoom ud &#8211; op til 5 x digitalt zoom<\/li>\n<li role=\"listitem\">Face ID<\/li>\n<li role=\"listitem\">LiDAR Scanner<\/li>\n<li role=\"listitem\">Up to 10 hours of surfing the web on Wi-Fi or watching video<\/li>\n<li role=\"listitem\">Supports Apple Pencil Pro og \u00a0Apple Pencil (USB\u2011C)<\/li>\n<li role=\"listitem\">Charging and Expansion :\u00a0USB\u2011C<\/li>\n<li role=\"listitem\">Opladning via str\u00f8mforsyning eller USB-C til computer<\/li>\n<li role=\"listitem\">In the Box : iPad Pro, USB\u2011C Charge Cable (1 meter)<\/li>\n<li role=\"listitem\">See more specs on <a href=\"https:\/\/www.apple.com\/dk\/ipad-pro\/specs\/\">Apple.com<\/a><\/li>\n<\/ul>\n<p><strong><span style=\"color: #ff0000;\">OBS Oplader medf\u00f8lger ikke &#8211; bestil evt 20W USB\u2011C Power Adapter &#8211; <a style=\"color: #ff0000;\" href=\"https:\/\/it.sdu.dk\/index.php\/product\/apple-stroemforsyninger\/?attribute_effekt=20W\">Det her vare nr MUVV3ZM\/A<\/a><\/span><\/strong><\/p>\n<p>Hvis \u00f8nsket farve ikke er p\u00e5 lager vil du s\u00e5 have anden farve &#8211; s\u00e5 l\u00e6g denne i kurven.<br \/>\n<a href=\"https:\/\/it.sdu.dk\/index.php\/product\/samme-model-bare-anden-farve\/\">https:\/\/it.sdu.dk\/index.php\/product\/samme-model-bare-anden-farve\/<\/a><\/p>\n","protected":false},"featured_media":10213,"template":"","meta":[],"product_brand":[],"product_cat":[81,28],"product_tag":[],"class_list":{"0":"post-10195","1":"product","2":"type-product","3":"status-publish","4":"has-post-thumbnail","6":"product_cat-ipad","7":"product_cat-tablet","8":"pa_color-space-grey","9":"pa_network-4g-simcard","10":"pa_network-wifi-only","11":"pa_storagesize-1-tb","12":"pa_storagesize-2-tb","13":"pa_storagesize-256-gb","14":"pa_storagesize-512-gb","16":"first","17":"instock","18":"shipping-taxable","19":"purchasable","20":"product-type-variable","21":"add-to-wishlist-after_add_to_cart"},"_links":{"self":[{"href":"https:\/\/it.sdu.dk\/index.php?rest_route=\/wp\/v2\/product\/10195","targetHints":{"allow":["GET"]}}],"collection":[{"href":"https:\/\/it.sdu.dk\/index.php?rest_route=\/wp\/v2\/product"}],"about":[{"href":"https:\/\/it.sdu.dk\/index.php?rest_route=\/wp\/v2\/types\/product"}],"wp:featuredmedia":[{"embeddable":true,"href":"https:\/\/it.sdu.dk\/index.php?rest_route=\/wp\/v2\/media\/10213"}],"wp:attachment":[{"href":"https:\/\/it.sdu.dk\/index.php?rest_route=%2Fwp%2Fv2%2Fmedia&parent=10195"}],"wp:term":[{"taxonomy":"product_brand","embeddable":true,"href":"https:\/\/it.sdu.dk\/index.php?rest_route=%2Fwp%2Fv2%2Fproduct_brand&post=10195"},{"taxonomy":"product_cat","embeddable":true,"href":"https:\/\/it.sdu.dk\/index.php?rest_route=%2Fwp%2Fv2%2Fproduct_cat&post=10195"},{"taxonomy":"product_tag","embeddable":true,"href":"https:\/\/it.sdu.dk\/index.php?rest_route=%2Fwp%2Fv2%2Fproduct_tag&post=10195"}],"curies":[{"name":"wp","href":"https:\/\/api.w.org\/{rel}","templated":true}]}}