{"id":7124,"date":"2023-06-19T14:03:09","date_gmt":"2023-06-19T13:03:09","guid":{"rendered":"https:\/\/it.sdu.dk\/?page_id=7124"},"modified":"2025-10-20T10:12:20","modified_gmt":"2025-10-20T09:12:20","slug":"koebsvejledning-mprocessor","status":"publish","type":"page","link":"https:\/\/it.sdu.dk\/?page_id=7124","title":{"rendered":"K\u00f8bsvejledning for Apple Mac med M processor"},"content":{"rendered":"\n<figure class=\"wp-block-image size-large\"><a href=\"https:\/\/www.apple.com\/dk\/mac\/compare\/?modelList=MacBook-Air-M2,MacBook-Air-M2-15,MacBook-Pro-14-M2\"><img loading=\"lazy\" decoding=\"async\" width=\"1024\" height=\"301\" src=\"https:\/\/it.sdu.dk\/wp-content\/uploads\/2023\/06\/Skaermbillede-2023-06-19-kl.-15.12.47-1024x301.png\" alt=\"\" class=\"wp-image-7126\" srcset=\"https:\/\/it.sdu.dk\/wp-content\/uploads\/2023\/06\/Skaermbillede-2023-06-19-kl.-15.12.47-1024x301.png 1024w, https:\/\/it.sdu.dk\/wp-content\/uploads\/2023\/06\/Skaermbillede-2023-06-19-kl.-15.12.47-300x88.png 300w, https:\/\/it.sdu.dk\/wp-content\/uploads\/2023\/06\/Skaermbillede-2023-06-19-kl.-15.12.47-768x226.png 768w, https:\/\/it.sdu.dk\/wp-content\/uploads\/2023\/06\/Skaermbillede-2023-06-19-kl.-15.12.47-1536x452.png 1536w, https:\/\/it.sdu.dk\/wp-content\/uploads\/2023\/06\/Skaermbillede-2023-06-19-kl.-15.12.47-2048x602.png 2048w, https:\/\/it.sdu.dk\/wp-content\/uploads\/2023\/06\/Skaermbillede-2023-06-19-kl.-15.12.47-416x122.png 416w\" sizes=\"auto, (max-width: 1024px) 100vw, 1024px\" \/><\/a><\/figure>\n\n\n\n<p class=\"has-large-font-size\"><strong>Alle bestillinger kan ske p\u00e5 shoppen p\u00e5&nbsp;<a rel=\"noreferrer noopener\" href=\"https:\/\/it.sdu.dk\/\" target=\"_blank\">it.sdu.dk<\/a><\/strong><\/p>\n\n\n\n<p>Her er en oversigt og en vejledning i valg af computer og processor<\/p>\n\n\n\n<p>Apple har skiftet til M processorer i alle deres computere.<br>M processoren findes 4 generationer; M1, M2, M3 og M4.<br>Processoren findes i 4 udgaver; M, M Pro, M Max og M Ultra.<\/p>\n\n\n\n<p>Overordnet er M3 hurtigere ift M2 som er hurtiger end M1<br>\u200b\u200b\u200b\u200b\u200b\u200b\u200bMen kun i gennemsnit 15%-50%, <strong>s\u00e5 har man en M2 eller en M3 Mac er man rigtig godt k\u00f8rende de n\u00e6ste mange \u00e5r.<br><\/strong>\u200b\u200b\u200b\u200b\u200b\u200b\u200bMan skal kun skifte til ny Mac, hvis den Mac man har i dag, ikke opfylder ens behov. T\u00e6nk m\u00e5 milj\u00f8 og udgift.<\/p>\n\n\n\n<p>Vedr flere sk\u00e6rme p\u00e5 M Mac s\u00e5 \u00e6ndres der l\u00f8bende p\u00e5 mulighederne. Kig i <a href=\"https:\/\/support.apple.com\/en-us\/docs\" data-type=\"link\" data-id=\"https:\/\/support.apple.com\/en-us\/docs\" target=\"_blank\" rel=\"noreferrer noopener\">Apples spec<\/a> for den \u00f8nskede Mac. Og sp\u00f8rg os om muligheder.<\/p>\n\n\n\n<h4 class=\"wp-block-heading\" id=\"hurtig-k\u00f8bs-vejledning-hvis-du\u200b\u200b\u200b\u200b\u200b\u200b\u200b\u200b\u200b\u200b\u200b\u200b\u200b\u200b\">Hurtig k\u00f8bs vejledning &#8211; hvis du\u200b\u200b\u200b\u200b\u200b\u200b\u200b\u200b\u200b\u200b\u200b\u200b\u200b\u200b<a href=\"https:\/\/syddanskuni.sharepoint.com\/sites\/itvej\/SitePages\/K%C3%B8bsvejledning-og-beskrivelse-af-Apple-M1-processor.aspx#hurtig-k%C3%B8bs-vejledning-hvis-du%E2%80%8B%E2%80%8B%E2%80%8B%E2%80%8B%E2%80%8B%E2%80%8B%E2%80%8B%E2%80%8B%E2%80%8B%E2%80%8B%E2%80%8B%E2%80%8B%E2%80%8B%E2%80%8B\"><\/a><\/h4>\n\n\n\n<figure class=\"wp-block-table is-style-regular\"><table class=\"has-white-background-color has-background has-fixed-layout\"><tbody><tr><td><strong>Skriver&nbsp;I&nbsp;Office, skrive mail, surfer, underviser, bruger STATA BE, SPSS<\/strong><\/td><td>K\u00f8b en MBAir  der er langt&nbsp;hurtige nok til dette.<br>V\u00e6lg mellem 13 eller 15&#8243; sk\u00e6rm<br>K\u00f8b med 16GB ram s\u00e5 er du godt k\u00f8rende.<br>Fordel lang batteri tid, lav v\u00e6gt og  lav pris.&nbsp;<br><strong>Ulempe kun en ekstern sk\u00e6rm<\/strong>&nbsp;&#8211; k\u00f8b evt bredformat sk\u00e6rm (34&#8243;-49&#8243;)&nbsp; med USB-C dock indbygget.<\/td><\/tr><tr><td><strong>Skal laver st\u00f8rre beregninger der tage flere minutter OG programmet underst\u00f8tter multicore (f.eks.&nbsp;STATA MP)<\/strong><\/td><td>k\u00f8b en MacBook Pro 14&#8243; eller 16&#8243; med&nbsp;<strong>M Pro processor<\/strong>.<br>Fordele HDMI stik og kort l\u00e6ser.&nbsp;<br>Ulempe kortere batteritid, st\u00f8rre og&nbsp;tungere maskine og koster mere.<\/td><\/tr><tr><td><strong>Laver TUNG video redigering i 8K,&nbsp;laver st\u00f8rre beregninger der tage timer OG programmet er skrevet til multicore<\/strong><\/td><td>k\u00f8b en MacBook Pro 14&#8243; eller 16&#8243; med&nbsp;<strong>M Max processor.&nbsp;<\/strong><br>Fordele stor sk\u00e6rm, HDMI stik og kort l\u00e6ser.&nbsp;<br>Ulempe kortere batteritid, st\u00f8rre og&nbsp;tungere maskine og koster mere.<\/td><\/tr><\/tbody><\/table><\/figure>\n\n\n\n<p>K\u00f8b kun Pro og Max processore hvis du laver grafisk arbejde som video produktion &#8211; det man f\u00e5r mere af  i Pro og Max er GPU (grafisk procesor kerner) som IKKE bruges ret meget til surf og word skrivning. Der er n\u00e6sten de samme CPU kerner i en basic M processor som i M Pro og M Max.<\/p>\n\n\n\n<p>SDU IT anbefale IKKE at k\u00f8be Max processorer da den kun giver ekstra GPU kerner ift. Pro processor og det er de f\u00e6rreste programmer der kan udnytte de mange ekstra GPU kerner. Det er kun tung video redigering, musik og special-programmer der kan udnytte dem.<br>K\u00f8b kun Max processor HVIS du har beregninger der tager mange minutter dvs mere end 10-30 minutter!!<\/p>\n\n\n\n<p>Her er Dave2D&#8217;s &#8220;The best MacBook to buy in 2021&#8221; vejledning som ogs\u00e5 g\u00e6lder i 2022. (9 minutter)<br><a href=\"https:\/\/www.youtube.com\/watch?v=p2PpqZeMkSs\">https:\/\/www.youtube.com\/watch?v=p2PpqZeMkSs<\/a><\/p>\n\n\n\n<p>Og her er Math fra Math Tech Talks der kommer med 10 minutters vejledning om hvilken Mac og processor man skal v\u00e6lge.<br>\u200b\u200b\u200b\u200b\u200b\u200b\u200b<a href=\"https:\/\/www.youtube.com\/watch?v=4cGzanMbTXI\">https:\/\/www.youtube.com\/watch?v=4cGzanMbTXI<\/a><\/p>\n\n\n\n<h2 class=\"wp-block-heading\" id=\"beskrivelse-af-apple-m1-processor\">Beskrivelse af Apple M processor<a href=\"https:\/\/syddanskuni.sharepoint.com\/sites\/itvej\/SitePages\/K%C3%B8bsvejledning-og-beskrivelse-af-Apple-M1-processor.aspx#beskrivelse-af-apple-m1-processor\"><\/a><\/h2>\n\n\n\n<p>Apple har videreudviklet&nbsp;deres egenudviklede processor de bruger i iPad og iPhone s\u00e5 den nu bruges i Mac computere &#8211; s\u00e5 nu er det ikke en intel processor der sidder i de nye Macs.<\/p>\n\n\n\n<p><strong>M processoren findes i fire modeller;&nbsp;M, M Pro, M Max og M Ultra<\/strong>&nbsp;<br>Processoren&nbsp;er opbygget af forskellige&nbsp;typer kerner; &nbsp;CPU kerner, GPU (grafik) kerner og Neural kerner.<br>Ud over det er ogs\u00e5 hukommelse og harddisk bygger ind i processoren.<br>Da alt er bygget sammen i en chip kan hastighed mellem enheder \u00f8ges og str\u00f8mforbrug kan neds\u00e6ttes.<br>Det er nogle af grundene til at M processoren ikke bruger s\u00e5 meget str\u00f8m, den udleder dermed ikke s\u00e5 meget varme og derfor k\u00f8rer bl\u00e6serne i M Macs ikke meget eller slet ikke. Dermed k\u00f8rer M Mac og l\u00e6ngere tid p\u00e5 batteri.<\/p>\n\n\n\n<h4 class=\"wp-block-heading\" id=\"kerner-og-opbygning-af-en-m1-processor\">Kerner og opbygning af en M processor<a href=\"https:\/\/syddanskuni.sharepoint.com\/sites\/itvej\/SitePages\/K%C3%B8bsvejledning-og-beskrivelse-af-Apple-M1-processor.aspx#kerner-og-opbygning-af-en-m1-processor\"><\/a><\/h4>\n\n\n\n<p>Der er forskellige kerner i processoren;&nbsp;<strong>CPU, GPU og Neural Engine kerner<\/strong>&nbsp;varetager forskellig opgaver.<\/p>\n\n\n\n<p><strong>CPU kerner<\/strong>&nbsp;er motor n\u00e5r de fleste programmer k\u00f8rer. M processor f\u00e5s med kerner fra 8 til 24 kerner<br>GPU kerner bruges typisk n\u00e5r der skal behandles grafik, musik og HVIS et databehandlings program er udviklet til at bruge GPU kerner.<br>M Processorer f\u00e5s 8 til 76 GPU kerner<\/p>\n\n\n\n<p><strong>\u00c9n CPU kerne er ens i M, M Pro&nbsp;og M Max&nbsp;processor<\/strong>&nbsp;og \u00c9n GPU kerne er ens i M, M Pro&nbsp;og M Max&nbsp;processor.<br>Der er flere kerner i Max, end i Pro, som har flere end M.&nbsp;<br>Derfor skal det unders\u00f8ges ved program udvikler, om et program udnytter flere CPU og\/eller flere GPU kerner F\u00d8R der k\u00f8bes Macs med mange kerner.<br>Er programmet ikke skrevet til mange kerner&nbsp;afvikles det typisk&nbsp;p\u00e5 en kerne ad gangen.<\/p>\n\n\n\n<p>Et program der er udviklet og skrevet til de mange kerner er&nbsp;videoredigerings programmer. F.eks. kan Final Cut Pro h\u00e5ndterer 30 stk 4K video str\u00f8mme eller 7 stk 8K video str\u00f8mme.<\/p>\n\n\n\n<p><strong>Neural Engine kerner<\/strong>&nbsp;varetager opgaver ifm. Face ID, Animoji, justering af billede og farver ved film og fotooptagelse og meget andet.<\/p>\n\n\n\n<h4 class=\"wp-block-heading\" id=\"hukommelse-(ram)-og-harddisk\">Hukommelse (RAM) og harddisk<a href=\"https:\/\/syddanskuni.sharepoint.com\/sites\/itvej\/SitePages\/K%C3%B8bsvejledning-og-beskrivelse-af-Apple-M1-processor.aspx#hukommelse-(ram)-og-harddisk\"><\/a><\/h4>\n\n\n\n<p>Hukommelse (RAM) og harddisk er bygger fast ind i processor &#8211; det betyder at det IKKE kan \u00e6ndres senere &#8211; man skal derfor v\u00e6lge det hukommelse og den harddisk man har brug for i hele maskinenes levetid.<br>For at f\u00e5 en fornemmelse for hvor meget harddisk plads&nbsp;du har brug for, s\u00e5 se hvor meget du bruger p\u00e5 den maskine du har i dag.<br>Ved hukommelse s\u00e5 har en&nbsp;Mac ikke s\u00e5 h\u00f8je krav som en PC. Til almindeligt kontor opgaver med f\u00e5 programmer \u00e5bne kan 8GB v\u00e6re fint. <strong>Har du mange programmer k\u00f8rende s\u00e5 brug lidt ekstra penge p\u00e5 at f\u00e5 16GB i din Mac<\/strong>.&nbsp;<br>Arbejder du med specielle opgaver som k\u00e6mpe data s\u00e6t, video redigering og lignede&nbsp;s\u00e5 unders\u00f8g med leverand\u00f8r af det program du bruger hvad de anbefaler.&nbsp;<\/p>\n\n\n\n<h2 class=\"wp-block-heading\" id=\"hvilken-mac-\u200b\u200b\u200b\u200b\u200b\u200b\u200bog-hvilken-processor-skal-man-s\u00e5-v\u00e6lge\">Hvilken Mac&nbsp;<strong>\u200b\u200b\u200b\u200b\u200b\u200b\u200b<\/strong>og hvilken processor skal man s\u00e5 v\u00e6lge?<\/h2>\n\n\n\n<p><strong>MacBook Air 13&#8243; og MacBook Air 15&#8243; og MacBook Pro 13&#8243;<\/strong><br>\u200b\u200b\u200b\u200b\u200b\u200b\u200bTil almindelig kontorarbejde er den lille M processor fuld tilstr\u00e6kkelig. Det vil sig du kan v\u00e6lge en MacBook Air 13&#8243; og 15&#8243; eller en MacBook Pro 13&#8243; M. En ulempe ved de to modeller er at de KUN kan tr\u00e6kke en ekstern sk\u00e6rm. Man s\u00e5 kan vi anbefale at bruge de sparede midler p\u00e5 en\u00a0bredformat sk\u00e6rm (40&#8243;-59&#8243;) .<br><strong>Det her er en rigtigt godt valg af\u00a0Mac &#8211; sammenlign dem med en ny moderne elbil.<\/strong><br>Disse to computere er hurtigere ift en tidligere MacBook Pro 16&#8243; med i9 intel processor. &#8211; <\/p>\n\n\n\n<h4 class=\"wp-block-heading\" id=\"macbook-pro-14-eller-macbook-16\">MacBook Pro 14&#8243; eller MacBook 16&#8243;<a href=\"https:\/\/syddanskuni.sharepoint.com\/sites\/itvej\/SitePages\/K%C3%B8bsvejledning-og-beskrivelse-af-Apple-M1-processor.aspx#macbook-pro-14-eller-macbook-16\"><\/a><\/h4>\n\n\n\n<p>Kan f\u00e5s&nbsp;med de samme processorer s\u00e5 valget er mellem 14&#8243; og 16&#8243; sk\u00e6rm og 11 timer eller 14 timer batteri.&nbsp;<\/p>\n\n\n\n<h4 class=\"wp-block-heading\" id=\"m1-pro-eller-m1-max-processor\">M Pro, M Max og M Ultra&nbsp;processor<a href=\"https:\/\/syddanskuni.sharepoint.com\/sites\/itvej\/SitePages\/K%C3%B8bsvejledning-og-beskrivelse-af-Apple-M1-processor.aspx#m1-pro-eller-m1-max-processor\"><\/a><\/h4>\n\n\n\n<p><strong>M Pro, Max og Ultra kan sammenlignes med en Formel&nbsp;1 bil &#8211; men hvis du ikke k\u00f8rer p\u00e5 en Formel 1 bane f\u00e5r du ikke meget ud af bilerne. I bytrafik k\u00f8rer de ikke godt.<\/strong><br>Generelt kan siges at meget f\u00e5 brugere kan udnytte en M Max&nbsp;processor mange kerner &#8211; har du ikke et job der tager timer at afvikle s\u00e5 f\u00e5r du ikke fordel af at v\u00e6lge en M Max&nbsp;processor.<br>V\u00e6lg M Pro&nbsp;processor og brug midler p\u00e5 lidt mere hukommelse eller harddisk &#8211; eller spar pengene.<\/p>\n\n\n\n<p>Arbejder du med specielle opgaver som k\u00e6mpe data s\u00e6t, video redigering og lignede&nbsp;s\u00e5 unders\u00f8g med leverand\u00f8r af det program du bruger hvad de anbefaler i valg af CPU, GPU kerner og hukommelse. Det er forskelligt hvad de forskellige programmer udnytter.<\/p>\n\n\n\n<figure class=\"wp-block-image size-full\"><img loading=\"lazy\" decoding=\"async\" width=\"1024\" height=\"475\" src=\"https:\/\/it.sdu.dk\/wp-content\/uploads\/2023\/06\/Unknown.jpeg\" alt=\"\" class=\"wp-image-7131\" srcset=\"https:\/\/it.sdu.dk\/wp-content\/uploads\/2023\/06\/Unknown.jpeg 1024w, https:\/\/it.sdu.dk\/wp-content\/uploads\/2023\/06\/Unknown-300x139.jpeg 300w, https:\/\/it.sdu.dk\/wp-content\/uploads\/2023\/06\/Unknown-768x356.jpeg 768w, https:\/\/it.sdu.dk\/wp-content\/uploads\/2023\/06\/Unknown-416x193.jpeg 416w\" sizes=\"auto, (max-width: 1024px) 100vw, 1024px\" \/><\/figure>\n\n\n\n<figure class=\"wp-block-image size-large\"><img loading=\"lazy\" decoding=\"async\" width=\"871\" height=\"1024\" src=\"https:\/\/it.sdu.dk\/wp-content\/uploads\/2023\/06\/Unknown-871x1024.png\" alt=\"\" class=\"wp-image-7132\" srcset=\"https:\/\/it.sdu.dk\/wp-content\/uploads\/2023\/06\/Unknown-871x1024.png 871w, https:\/\/it.sdu.dk\/wp-content\/uploads\/2023\/06\/Unknown-255x300.png 255w, https:\/\/it.sdu.dk\/wp-content\/uploads\/2023\/06\/Unknown-768x902.png 768w, https:\/\/it.sdu.dk\/wp-content\/uploads\/2023\/06\/Unknown-416x489.png 416w, https:\/\/it.sdu.dk\/wp-content\/uploads\/2023\/06\/Unknown.png 960w\" sizes=\"auto, (max-width: 871px) 100vw, 871px\" \/><\/figure>\n\n\n\n<p>PS : Arkitekturer p\u00e5 processoren er ARM og dermed helt anderledes end den x86 arkitektur som f.eks. Intel processorer har. Derfor kan M Macs heller ikke k\u00f8re Windows p\u00e5 samme m\u00e5de som tidligere Mac med Intel processor kan.<\/p>\n\n\n\n<p>Apple kom sommer 2022 med M2 basis processor til consumer Macs, dvs MacBook Air, MacBook Pro 13&#8243;, Mac Mini og iMac 24&#8243;<\/p>\n\n\n\n<p>Se Apples&nbsp;<a href=\"https:\/\/www.apple.com\/dk\/newsroom\/2022\/06\/apple-unveils-m2-with-breakthrough-performance-and-capabilities\/\" target=\"_blank\" rel=\"noreferrer noopener\">beskrivelse her<\/a><\/p>\n\n\n\n<p>Her&nbsp;<a href=\"https:\/\/www.macworld.com\/article\/678191\/apple-m2-everything-you-need-to-know-about-the-m2-macs.html\" target=\"_blank\" rel=\"noreferrer noopener\">beskriver MacWorld processoren<\/a><\/p>\n\n\n\n<p>Alt i alt er M2 hurtigere end M1 (gennemsnit ca 18%), S\u00e5&nbsp;har man en M1 Mac er man rigtig godt k\u00f8rende de n\u00e6ste mange \u00e5r.<br>\u200b\u200b\u200b\u200b\u200b\u200b\u200bDet er som et facelift p\u00e5 en bil &#8211; undervogn og ramme er den samme men fronten er strammet lidt op &#8211; begge kan f\u00e5 dig fra A til B.<\/p>\n","protected":false},"excerpt":{"rendered":"<p>Alle bestillinger kan ske p\u00e5 shoppen p\u00e5&nbsp;it.sdu.dk Her er en oversigt og en vejledning i valg af computer og processor Apple har skiftet til M processorer i alle deres computere.M processoren findes 4 generationer; M1, M2, M3 og M4.Processoren findes i 4 udgaver; M, M Pro, M Max og M Ultra. Overordnet er M3 hurtigere [&hellip;]<\/p>\n","protected":false},"author":4,"featured_media":0,"parent":0,"menu_order":0,"comment_status":"closed","ping_status":"closed","template":"","meta":{"footnotes":""},"class_list":["post-7124","page","type-page","status-publish","hentry"],"_links":{"self":[{"href":"https:\/\/it.sdu.dk\/index.php?rest_route=\/wp\/v2\/pages\/7124","targetHints":{"allow":["GET"]}}],"collection":[{"href":"https:\/\/it.sdu.dk\/index.php?rest_route=\/wp\/v2\/pages"}],"about":[{"href":"https:\/\/it.sdu.dk\/index.php?rest_route=\/wp\/v2\/types\/page"}],"author":[{"embeddable":true,"href":"https:\/\/it.sdu.dk\/index.php?rest_route=\/wp\/v2\/users\/4"}],"replies":[{"embeddable":true,"href":"https:\/\/it.sdu.dk\/index.php?rest_route=%2Fwp%2Fv2%2Fcomments&post=7124"}],"version-history":[{"count":15,"href":"https:\/\/it.sdu.dk\/index.php?rest_route=\/wp\/v2\/pages\/7124\/revisions"}],"predecessor-version":[{"id":16472,"href":"https:\/\/it.sdu.dk\/index.php?rest_route=\/wp\/v2\/pages\/7124\/revisions\/16472"}],"wp:attachment":[{"href":"https:\/\/it.sdu.dk\/index.php?rest_route=%2Fwp%2Fv2%2Fmedia&parent=7124"}],"curies":[{"name":"wp","href":"https:\/\/api.w.org\/{rel}","templated":true}]}}