{"id":32,"date":"2021-01-26T17:17:38","date_gmt":"2021-01-26T17:17:38","guid":{"rendered":"https:\/\/its2.sdu.dk\/?page_id=32"},"modified":"2025-08-25T09:25:20","modified_gmt":"2025-08-25T08:25:20","slug":"homepage","status":"publish","type":"page","link":"https:\/\/it.sdu.dk\/?page_id=32","title":{"rendered":"Homepage"},"content":{"rendered":"\n<div class=\"wp-block-group\"><div class=\"wp-block-group__inner-container is-layout-flow wp-block-group-is-layout-flow\">\n<p class=\"has-black-color has-pale-cyan-blue-background-color has-text-color has-background\">Tastaturer, Mus, Webkamera, Presenter, Oplader til PC, Kabler og adaptere.<br>Disse er f\u00e6llesvarer og bestilles af afdelingen selv i TrueTrade.<br><button><a rel=\"noreferrer noopener\" href=\"https:\/\/sdu.katalog.truetrade.dk\/ttc\/list.seam?clean=1&amp;fctgr=43210000\" data-type=\"URL\" data-id=\"https:\/\/sdu.katalog.truetrade.dk\/ttc\/list.seam?clean=1&amp;fctgr=43210000\" target=\"_blank\">G\u00e5 til TrueTrade<\/a><\/button><br><a href=\"https:\/\/sdunet.dk\/da\/nyheder\/nyheder_fra_sdu\/nye-faellesvarer-paa-centrallageret\" target=\"_blank\" rel=\"noreferrer noopener\">L\u00e6s mere om f\u00e6llesvarer her.<\/a><\/p>\n\n\n\n<div class=\"wp-block-columns is-layout-flex wp-container-core-columns-is-layout-28f84493 wp-block-columns-is-layout-flex\">\n<div class=\"wp-block-column is-vertically-aligned-top is-layout-flow wp-block-column-is-layout-flow\"><div data-block-name=\"woocommerce\/featured-category\" data-category-id=\"22\" data-edit-mode=\"false\" data-overlay-color=\"vivid-green-cyan\" class=\"wc-block-featured-category alignnone has-background-dim wp-block-woocommerce-featured-category\" style=\"min-height:500px;\"><div class=\"wc-block-featured-category__wrapper\"><div class=\"background-dim__overlay\" style=\"background-color: vivid-green-cyan\"><\/div><img decoding=\"async\" alt=\"Computer\" class=\"wc-block-featured-category__background-image\" src=\"https:\/\/it.sdu.dk\/wp-content\/uploads\/2021\/02\/Computer.png\" style=\"object-fit: none;object-position: 50% 50%;\" \/><h2 class=\"wc-block-featured-category__title\">Computer<\/h2><div class=\"wc-block-featured-category__description\"><\/div><div class=\"wc-block-featured-category__inner-blocks\">\n\n<div class=\"wp-block-buttons is-content-justification-center is-layout-flex wp-container-core-buttons-is-layout-a89b3969 wp-block-buttons-is-layout-flex\">\n<div class=\"wp-block-button\"><a class=\"wp-block-button__link wp-element-button\" href=\"https:\/\/it.sdu.dk\/index.php\/product-category\/computer\/\">K\u00f8b nu<\/a><\/div>\n<\/div>\n\n<\/div><\/div><\/div><\/div>\n\n\n\n<div class=\"wp-block-column is-vertically-aligned-center is-layout-flow wp-block-column-is-layout-flow\"><div data-block-name=\"woocommerce\/featured-category\" data-category-id=\"25\" data-edit-mode=\"false\" data-overlay-color=\"luminous-vivid-amber\" class=\"wc-block-featured-category alignnone has-background-dim wp-block-woocommerce-featured-category\" style=\"min-height:500px;\"><div class=\"wc-block-featured-category__wrapper\"><div class=\"background-dim__overlay\" style=\"background-color: luminous-vivid-amber\"><\/div><img decoding=\"async\" alt=\"Smartphone\" class=\"wc-block-featured-category__background-image\" src=\"https:\/\/it.sdu.dk\/wp-content\/uploads\/2021\/02\/SmartPhone.png\" style=\"object-fit: none;object-position: 50% 50%;\" \/><h2 class=\"wc-block-featured-category__title\">Smartphone<\/h2><div class=\"wc-block-featured-category__description\"><\/div><div class=\"wc-block-featured-category__inner-blocks\">\n\n<div class=\"wp-block-buttons is-content-justification-center is-layout-flex wp-container-core-buttons-is-layout-a89b3969 wp-block-buttons-is-layout-flex\">\n<div class=\"wp-block-button\"><a class=\"wp-block-button__link wp-element-button\" href=\"https:\/\/it.sdu.dk\/index.php\/product-category\/phone\/\">K\u00f8b nu<\/a><\/div>\n<\/div>\n\n<\/div><\/div><\/div><\/div>\n\n\n\n<div class=\"wp-block-column is-vertically-aligned-center is-layout-flow wp-block-column-is-layout-flow\"><div data-block-name=\"woocommerce\/featured-category\" data-category-id=\"28\" data-edit-mode=\"false\" data-overlay-color=\"vivid-purple\" class=\"wc-block-featured-category alignnone has-background-dim wp-block-woocommerce-featured-category\" style=\"min-height:500px;\"><div class=\"wc-block-featured-category__wrapper\"><div class=\"background-dim__overlay\" style=\"background-color: vivid-purple\"><\/div><img decoding=\"async\" alt=\"Tablet\" class=\"wc-block-featured-category__background-image\" src=\"https:\/\/it.sdu.dk\/wp-content\/uploads\/2021\/02\/tablet.png\" style=\"object-fit: none;object-position: 50% 50%;\" \/><h2 class=\"wc-block-featured-category__title\">Tablet<\/h2><div class=\"wc-block-featured-category__description\"><\/div><div class=\"wc-block-featured-category__inner-blocks\">\n\n<div class=\"wp-block-buttons is-content-justification-center is-layout-flex wp-container-core-buttons-is-layout-a89b3969 wp-block-buttons-is-layout-flex\">\n<div class=\"wp-block-button\"><a class=\"wp-block-button__link wp-element-button\" href=\"https:\/\/it.sdu.dk\/index.php\/product-category\/tablet\/\">K\u00f8b nu<\/a><\/div>\n<\/div>\n\n<\/div><\/div><\/div><\/div>\n<\/div>\n\n\n\n<hr class=\"wp-block-separator has-css-opacity\"\/>\n\n\n\n<div class=\"wp-block-columns is-layout-flex wp-container-core-columns-is-layout-28f84493 wp-block-columns-is-layout-flex\">\n<div class=\"wp-block-column is-layout-flow wp-block-column-is-layout-flow\" style=\"flex-basis:33.33%\">\n<h2 class=\"wp-block-heading\">Kategorier<\/h2>\n\n\n<div data-block-name=\"woocommerce\/product-categories\" class=\"wp-block-woocommerce-product-categories wc-block-product-categories is-list \" style=\"\"><ul class=\"wc-block-product-categories-list wc-block-product-categories-list--depth-0\">\t\t\t\t<li class=\"wc-block-product-categories-list-item\">\t\t\t\t\t<a style=\"\" href=\"https:\/\/it.sdu.dk\/?product_cat=computer\"><span class=\"wc-block-product-categories-list-item__name\">Computer<\/span><\/a><span class=\"wc-block-product-categories-list-item-count\"><span aria-hidden=\"true\">65<\/span><span class=\"screen-reader-text\">65 varer<\/span><\/span><ul class=\"wc-block-product-categories-list wc-block-product-categories-list--depth-1\">\t\t\t\t<li class=\"wc-block-product-categories-list-item\">\t\t\t\t\t<a style=\"\" href=\"https:\/\/it.sdu.dk\/?product_cat=pc\"><span class=\"wc-block-product-categories-list-item__name\">PC<\/span><\/a><span class=\"wc-block-product-categories-list-item-count\"><span aria-hidden=\"true\">9<\/span><span class=\"screen-reader-text\">9 varer<\/span><\/span>\t\t\t\t<\/li>\t\t\t\t\t\t\t<li class=\"wc-block-product-categories-list-item\">\t\t\t\t\t<a style=\"\" href=\"https:\/\/it.sdu.dk\/?product_cat=com_tilbehoer\"><span class=\"wc-block-product-categories-list-item__name\">Computer Tilbeh\u00f8r<\/span><\/a><span class=\"wc-block-product-categories-list-item-count\"><span aria-hidden=\"true\">36<\/span><span class=\"screen-reader-text\">36 varer<\/span><\/span>\t\t\t\t<\/li>\t\t\t\t\t\t\t<li class=\"wc-block-product-categories-list-item\">\t\t\t\t\t<a style=\"\" href=\"https:\/\/it.sdu.dk\/?product_cat=mac\"><span class=\"wc-block-product-categories-list-item__name\">Mac<\/span><\/a><span class=\"wc-block-product-categories-list-item-count\"><span aria-hidden=\"true\">11<\/span><span class=\"screen-reader-text\">11 varer<\/span><\/span>\t\t\t\t<\/li>\t\t\t\t\t\t\t<li class=\"wc-block-product-categories-list-item\">\t\t\t\t\t<a style=\"\" href=\"https:\/\/it.sdu.dk\/?product_cat=mac_tilbehoer\"><span class=\"wc-block-product-categories-list-item__name\">Mac Tilbeh\u00f8r<\/span><\/a><span class=\"wc-block-product-categories-list-item-count\"><span aria-hidden=\"true\">17<\/span><span class=\"screen-reader-text\">17 varer<\/span><\/span>\t\t\t\t<\/li>\t\t\t\t\t\t\t<li class=\"wc-block-product-categories-list-item\">\t\t\t\t\t<a style=\"\" href=\"https:\/\/it.sdu.dk\/?product_cat=skaerme\"><span class=\"wc-block-product-categories-list-item__name\">Sk\u00e6rme<\/span><\/a><span class=\"wc-block-product-categories-list-item-count\"><span aria-hidden=\"true\">12<\/span><span class=\"screen-reader-text\">12 varer<\/span><\/span>\t\t\t\t<\/li>\t\t\t<\/ul>\t\t\t\t<\/li>\t\t\t\t\t\t\t<li class=\"wc-block-product-categories-list-item\">\t\t\t\t\t<a style=\"\" href=\"https:\/\/it.sdu.dk\/?product_cat=headsaet\"><span class=\"wc-block-product-categories-list-item__name\">Heads\u00e6t<\/span><\/a><span class=\"wc-block-product-categories-list-item-count\"><span aria-hidden=\"true\">4<\/span><span class=\"screen-reader-text\">4 varer<\/span><\/span>\t\t\t\t<\/li>\t\t\t\t\t\t\t<li class=\"wc-block-product-categories-list-item\">\t\t\t\t\t<a style=\"\" href=\"https:\/\/it.sdu.dk\/?product_cat=pakker\"><span class=\"wc-block-product-categories-list-item__name\">Produkt pakker<\/span><\/a><span class=\"wc-block-product-categories-list-item-count\"><span aria-hidden=\"true\">5<\/span><span class=\"screen-reader-text\">5 varer<\/span><\/span>\t\t\t\t<\/li>\t\t\t\t\t\t\t<li class=\"wc-block-product-categories-list-item\">\t\t\t\t\t<a style=\"\" href=\"https:\/\/it.sdu.dk\/?product_cat=phone\"><span class=\"wc-block-product-categories-list-item__name\">Smartphone<\/span><\/a><span class=\"wc-block-product-categories-list-item-count\"><span aria-hidden=\"true\">31<\/span><span class=\"screen-reader-text\">31 varer<\/span><\/span><ul class=\"wc-block-product-categories-list wc-block-product-categories-list--depth-1\">\t\t\t\t<li class=\"wc-block-product-categories-list-item\">\t\t\t\t\t<a style=\"\" href=\"https:\/\/it.sdu.dk\/?product_cat=android\"><span class=\"wc-block-product-categories-list-item__name\">Android<\/span><\/a><span class=\"wc-block-product-categories-list-item-count\"><span aria-hidden=\"true\">7<\/span><span class=\"screen-reader-text\">7 varer<\/span><\/span>\t\t\t\t<\/li>\t\t\t\t\t\t\t<li class=\"wc-block-product-categories-list-item\">\t\t\t\t\t<a style=\"\" href=\"https:\/\/it.sdu.dk\/?product_cat=iphone\"><span class=\"wc-block-product-categories-list-item__name\">iPhone<\/span><\/a><span class=\"wc-block-product-categories-list-item-count\"><span aria-hidden=\"true\">13<\/span><span class=\"screen-reader-text\">13 varer<\/span><\/span>\t\t\t\t<\/li>\t\t\t\t\t\t\t<li class=\"wc-block-product-categories-list-item\">\t\t\t\t\t<a style=\"\" href=\"https:\/\/it.sdu.dk\/?product_cat=phone_tilbehoer\"><span class=\"wc-block-product-categories-list-item__name\">Smartphone Tilbeh\u00f8r<\/span><\/a><span class=\"wc-block-product-categories-list-item-count\"><span aria-hidden=\"true\">17<\/span><span class=\"screen-reader-text\">17 varer<\/span><\/span>\t\t\t\t<\/li>\t\t\t<\/ul>\t\t\t\t<\/li>\t\t\t\t\t\t\t<li class=\"wc-block-product-categories-list-item\">\t\t\t\t\t<a style=\"\" href=\"https:\/\/it.sdu.dk\/?product_cat=tablet\"><span class=\"wc-block-product-categories-list-item__name\">Tablet<\/span><\/a><span class=\"wc-block-product-categories-list-item-count\"><span aria-hidden=\"true\">20<\/span><span class=\"screen-reader-text\">20 varer<\/span><\/span><ul class=\"wc-block-product-categories-list wc-block-product-categories-list--depth-1\">\t\t\t\t<li class=\"wc-block-product-categories-list-item\">\t\t\t\t\t<a style=\"\" href=\"https:\/\/it.sdu.dk\/?product_cat=ipad\"><span class=\"wc-block-product-categories-list-item__name\">iPad<\/span><\/a><span class=\"wc-block-product-categories-list-item-count\"><span aria-hidden=\"true\">9<\/span><span class=\"screen-reader-text\">9 varer<\/span><\/span>\t\t\t\t<\/li>\t\t\t\t\t\t\t<li class=\"wc-block-product-categories-list-item\">\t\t\t\t\t<a style=\"\" href=\"https:\/\/it.sdu.dk\/?product_cat=tablet_tilbehoer\"><span class=\"wc-block-product-categories-list-item__name\">Tablet tilbeh\u00f8r<\/span><\/a><span class=\"wc-block-product-categories-list-item-count\"><span aria-hidden=\"true\">13<\/span><span class=\"screen-reader-text\">13 varer<\/span><\/span>\t\t\t\t<\/li>\t\t\t<\/ul>\t\t\t\t<\/li>\t\t\t<\/ul><\/div><\/div>\n\n\n\n<div class=\"wp-block-column is-layout-flow wp-block-column-is-layout-flow\" style=\"flex-basis:66.66%\">\n<h2 class=\"wp-block-heading\">Produkter<\/h2>\n\n\n<div data-block-name=\"woocommerce\/handpicked-products\" data-products=\"[7824,8217,7788,8417]\" class=\"wc-block-grid wp-block-handpicked-products wp-block-woocommerce-handpicked-products wc-block-handpicked-products has-3-columns has-multiple-rows\"><ul class=\"wc-block-grid__products\"><li class=\"wc-block-grid__product add-to-wishlist-after_add_to_cart\"><a href=\"https:\/\/it.sdu.dk\/?product=standard-mba15-kontor-pakke\" class=\"wc-block-grid__product-link\">\n\t\t\t\t\t\n\t\t\t\t\t<div class=\"wc-block-grid__product-image\"><img loading=\"lazy\" decoding=\"async\" width=\"324\" height=\"324\" src=\"https:\/\/it.sdu.dk\/wp-content\/uploads\/2023\/06\/MacBook-Air-M2-324x324.jpg\" class=\"attachment-woocommerce_thumbnail size-woocommerce_thumbnail\" alt=\"Standard MacBook Air 15 kontor pakke\" srcset=\"https:\/\/it.sdu.dk\/wp-content\/uploads\/2023\/06\/MacBook-Air-M2-324x324.jpg 324w, https:\/\/it.sdu.dk\/wp-content\/uploads\/2023\/06\/MacBook-Air-M2-150x150.jpg 150w, https:\/\/it.sdu.dk\/wp-content\/uploads\/2023\/06\/MacBook-Air-M2-100x100.jpg 100w\" sizes=\"auto, (max-width: 324px) 100vw, 324px\" \/><\/div>\n\t\t\t\t\t<div class=\"wc-block-grid__product-title\">Standard MacBook Air 15 kontor pakke<\/div>\n\t\t\t\t<\/a>\n\t\t\t\t<div class=\"wc-block-grid__product-price price\"><\/div>\n\t\t\t\t\n\t\t\t\t<div class=\"wp-block-button wc-block-grid__product-add-to-cart\"><a href=\"https:\/\/it.sdu.dk\/?product=standard-mba15-kontor-pakke\" aria-label=\"Se varer i &ldquo;Standard MacBook Air 15 kontor pakke&rdquo; gruppen\" data-quantity=\"1\" data-product_id=\"8217\" data-product_sku=\"MBAir15-standard-pakke MW1M3DK\/A\" data-price=\"529\" rel=\"nofollow\" class=\"wp-block-button__link  add_to_cart_button\">Vis varer<\/a><\/div>\n\t\t\t\n<div\n\tclass=\"yith-wcwl-add-to-wishlist add-to-wishlist-8217 yith-wcwl-add-to-wishlist--link-style wishlist-fragment on-first-load\"\n\tdata-fragment-ref=\"8217\"\n\tdata-fragment-options=\"{&quot;base_url&quot;:&quot;&quot;,&quot;product_id&quot;:8217,&quot;parent_product_id&quot;:0,&quot;product_type&quot;:&quot;grouped&quot;,&quot;is_single&quot;:false,&quot;in_default_wishlist&quot;:false,&quot;show_view&quot;:false,&quot;browse_wishlist_text&quot;:&quot;Gennemse \\u00f8nskelisten&quot;,&quot;already_in_wishslist_text&quot;:&quot;Produktet er allerede p\\u00e5 \\u00f8nskelisten&quot;,&quot;product_added_text&quot;:&quot;Produkt tilf\\u00f8jet!&quot;,&quot;available_multi_wishlist&quot;:false,&quot;disable_wishlist&quot;:false,&quot;show_count&quot;:false,&quot;ajax_loading&quot;:false,&quot;loop_position&quot;:&quot;after_add_to_cart&quot;,&quot;product_image&quot;:&quot;&quot;,&quot;label_popup&quot;:&quot;Add to wishlist&quot;,&quot;show_exists&quot;:true,&quot;add_to_wishlist_modal&quot;:&quot;yes&quot;,&quot;item&quot;:&quot;add_to_wishlist&quot;}\"\n>\n\t\t\t\n\t\t\t<!-- ADD TO WISHLIST -->\n\t\t\t\n<div class=\"yith-wcwl-add-button\">\n\t\t<a\n\t\thref=\"?add_to_wishlist=8217&#038;_wpnonce=8aa0afc131\"\n\t\tclass=\"add_to_wishlist single_add_to_wishlist\"\n\t\tdata-product-id=\"8217\"\n\t\tdata-product-type=\"grouped\"\n\t\tdata-original-product-id=\"0\"\n\t\tdata-title=\"Tilf\u00f8j til \u00f8nskelisten\"\n\t\trel=\"nofollow\"\n\t>\n\t\t<svg id=\"yith-wcwl-icon-heart-outline\" class=\"yith-wcwl-icon-svg\" fill=\"none\" stroke-width=\"1.5\" stroke=\"currentColor\" viewBox=\"0 0 24 24\" xmlns=\"http:\/\/www.w3.org\/2000\/svg\">\n  <path stroke-linecap=\"round\" stroke-linejoin=\"round\" d=\"M21 8.25c0-2.485-2.099-4.5-4.688-4.5-1.935 0-3.597 1.126-4.312 2.733-.715-1.607-2.377-2.733-4.313-2.733C5.1 3.75 3 5.765 3 8.25c0 7.22 9 12 9 12s9-4.78 9-12Z\"><\/path>\n<\/svg>\t\t<span>Tilf\u00f8j til \u00f8nskelisten<\/span>\n\t<\/a>\n<\/div>\n\n\t\t\t<!-- COUNT TEXT -->\n\t\t\t\n\t\t\t<\/div>\n<\/li><\/ul><\/div>\n\n\n<div data-align-buttons=\"true\" data-block-name=\"woocommerce\/all-products\" data-columns=\"4\" data-content-visibility=\"{&quot;orderBy&quot;:false}\" data-layout-config=\"[[&quot;woocommerce\\\/product-image&quot;,{&quot;productLink&quot;:true,&quot;showSaleBadge&quot;:false,&quot;saleBadgeAlign&quot;:&quot;right&quot;,&quot;imageSizing&quot;:&quot;cropped&quot;,&quot;productId&quot;:0,&quot;children&quot;:[]}],[&quot;woocommerce\\\/product-title&quot;,{&quot;headingLevel&quot;:2,&quot;productLink&quot;:true,&quot;productId&quot;:0,&quot;children&quot;:[]}],[&quot;woocommerce\\\/product-button&quot;,{&quot;productId&quot;:0,&quot;children&quot;:[]}]]\" data-orderby=\"popularity\" data-rows=\"4\" class=\"wp-block-woocommerce-all-products wc-block-all-products\" data-attributes=\"{&quot;alignButtons&quot;:true,&quot;columns&quot;:4,&quot;contentVisibility&quot;:{&quot;orderBy&quot;:false},&quot;isPreview&quot;:false,&quot;layoutConfig&quot;:[[&quot;woocommerce\/product-image&quot;,{&quot;productLink&quot;:true,&quot;showSaleBadge&quot;:false,&quot;saleBadgeAlign&quot;:&quot;right&quot;,&quot;imageSizing&quot;:&quot;cropped&quot;,&quot;productId&quot;:0,&quot;children&quot;:[]}],[&quot;woocommerce\/product-title&quot;,{&quot;headingLevel&quot;:2,&quot;productLink&quot;:true,&quot;productId&quot;:0,&quot;children&quot;:[]}],[&quot;woocommerce\/product-button&quot;,{&quot;productId&quot;:0,&quot;children&quot;:[]}]],&quot;orderby&quot;:&quot;popularity&quot;,&quot;rows&quot;:4}\">\n\n\n<div data-block-name=\"woocommerce\/product-title\" class=\"wp-block-woocommerce-product-title is-loading\"><\/div>\n\n\n<\/div>\n<\/div>\n<\/div>\n<\/div><\/div>\n","protected":false},"excerpt":{"rendered":"<p>Tastaturer, Mus, Webkamera, Presenter, Oplader til PC, Kabler og adaptere.Disse er f\u00e6llesvarer og bestilles af afdelingen selv i TrueTrade.G\u00e5 til TrueTradeL\u00e6s mere om f\u00e6llesvarer her. Kategorier Produkter<\/p>\n","protected":false},"author":1,"featured_media":0,"parent":0,"menu_order":0,"comment_status":"closed","ping_status":"closed","template":"template-fullwidth.php","meta":{"footnotes":""},"class_list":["post-32","page","type-page","status-publish","hentry"],"_links":{"self":[{"href":"https:\/\/it.sdu.dk\/index.php?rest_route=\/wp\/v2\/pages\/32","targetHints":{"allow":["GET"]}}],"collection":[{"href":"https:\/\/it.sdu.dk\/index.php?rest_route=\/wp\/v2\/pages"}],"about":[{"href":"https:\/\/it.sdu.dk\/index.php?rest_route=\/wp\/v2\/types\/page"}],"author":[{"embeddable":true,"href":"https:\/\/it.sdu.dk\/index.php?rest_route=\/wp\/v2\/users\/1"}],"replies":[{"embeddable":true,"href":"https:\/\/it.sdu.dk\/index.php?rest_route=%2Fwp%2Fv2%2Fcomments&post=32"}],"version-history":[{"count":71,"href":"https:\/\/it.sdu.dk\/index.php?rest_route=\/wp\/v2\/pages\/32\/revisions"}],"predecessor-version":[{"id":10066,"href":"https:\/\/it.sdu.dk\/index.php?rest_route=\/wp\/v2\/pages\/32\/revisions\/10066"}],"wp:attachment":[{"href":"https:\/\/it.sdu.dk\/index.php?rest_route=%2Fwp%2Fv2%2Fmedia&parent=32"}],"curies":[{"name":"wp","href":"https:\/\/api.w.org\/{rel}","templated":true}]}}