{"id":3,"date":"2021-01-26T09:57:34","date_gmt":"2021-01-26T09:57:34","guid":{"rendered":"https:\/\/its2.sdu.dk\/?page_id=3"},"modified":"2025-08-25T09:25:23","modified_gmt":"2025-08-25T08:25:23","slug":"privacy-policy","status":"publish","type":"page","link":"https:\/\/it.sdu.dk\/?page_id=3","title":{"rendered":"Privacy Policy"},"content":{"rendered":"\n<p><strong>Hvem er vi<\/strong><\/p>\n\n\n\n<p>Vores webstedsadresse er: https:\/\/it.sdu.dk.<\/p>\n\n\n\n<p><strong>Hvilke personlige data vi indsamler og hvorfor vi indsamler det<\/strong><\/p>\n\n\n\n<p><strong>Bestillinger<\/strong><\/p>\n\n\n\n<p>Oplysninger i forbindelse med ordren, bliver indsendt til SDU IT\u00b4s sagsh\u00e5ndteringssystem (IHLP), som kan tilg\u00e5s p\u00e5 servicedesk.sdu.dk. Oplysninger vi opbevarer, er n\u00f8dvendige oplysninger for at den videre interne og eksterne fakturering p\u00e5 SDU, kan gennemf\u00f8res (GDPR, artikel 6, stk.1,e)<\/p>\n\n\n\n<p>Disse oplysninger opbevares ved afgivning af ordre:<\/p>\n\n\n\n<ul class=\"wp-block-list\">\n<li>SDU e-mail adressen p\u00e5 bestilleren<\/li>\n\n\n\n<li>Navn og e-mail p\u00e5 slutbrugeren (brugeren der f\u00e5r udstyret udleveret til arbejdsbrug)<\/li>\n\n\n\n<li>Telefon nr. p\u00e5 slutbrugeren (Kontakt oplysninger)<\/li>\n\n\n\n<li>Anviser i \u00d8SS (Navn p\u00e5 sekret\u00e6ren der skal godkende bestillingen i SDU\u2019s \u00f8konomisystem)<\/li>\n\n\n\n<li>Valg af afhentning sted (Hvor udstyret skal udleveres til brugeren)<\/li>\n\n\n\n<li>SDU\u00b4s interne kontonumre, underkonto, omkostningssted, projektnummer og analysenummer.<\/li>\n<\/ul>\n\n\n\n<p>Bestillingen kr\u00e6ver at afgiveren er logget ind med en godkendt SDU-konto, og kun godkendte ansatte p\u00e5 SDU kan logge ind og afl\u00e6gge en ordre. Alle ordre bliver manuelt behandlet i IHLP, af \u00e9n eller flere IT-ansatte.<\/p>\n\n\n\n<p>En kopi af de indsamlede oplysninger i forbindelse med et k\u00f8b, opbevares p\u00e5 SDU\u00b4s webserver.<\/p>\n\n\n\n<p><strong>Cookies<\/strong><\/p>\n\n\n\n<p>Hvis du skriver en kommentar p\u00e5 vores websted, kan du v\u00e6lge at gemme dit navn, e-mailadresse og websted i cookies. Disse er til din bekvemmelighed, s\u00e5 du ikke skal udfylde dine oplysninger igen, n\u00e5r du skriver endnu en kommentar. Disse cookies vil holde i et \u00e5r.<\/p>\n\n\n\n<p>Hvis du har en konto, og du logger ind p\u00e5 dette websted, vil vi ops\u00e6tte en midlertidig cookie for at afg\u00f8re om din browser accepterer cookies. Denne cookie indeholder ikke nogen personlige data og fjernes, n\u00e5r du lukker browseren.<\/p>\n\n\n\n<p>N\u00e5r du logger ind, vil vi ops\u00e6tte en r\u00e6kke cookies og gemme din logininformation og dine valg af sk\u00e6rmvisning. Logincookies holder i to dage. Hvis du logger ud af din konto, vil logincookierne forsvinde. Autentificering af login, sker via Microsoft O365 MFA login.<\/p>\n\n\n\n<p>Hvis du benytter \u00d8nskeliste-funktionen, vil oplysningerne om det \u00f8nskede hardware\/software i kurven, blive gemt i en cookie p\u00e5 din computer. Denne funktion virker ogs\u00e5 uden at du er logget p\u00e5, da denne funktion prim\u00e6rt bruges af kommende medarbejdere som led i ans\u00e6ttelsesprocessen, hvor medarbejderen kan indgive \u00f8nske om hvilket it-udstyr der m\u00e5tte \u00f8nskes. Denne cookie udl\u00f8ber ikke pr. automatik. Cookien forsvinder n\u00e5r indk\u00f8bskurven er t\u00f8mt.<\/p>\n\n\n\n<p>Hvis du redigerer eller udgiver en artikel, vil en yderligere cookie blive gemt i din browser. Denne cookie indeholder ikke nogen personlige data og opgiver simpelthen indl\u00e6gs-ID p\u00e5 den artikel, du lige har redigeret. Den udl\u00f8ber efter 1 dag.<\/p>\n\n\n\n<p><strong>Hvem vi deler dine data med<\/strong><\/p>\n\n\n\n<p>Ved afl\u00e6ggelse af en ordre ved en ekstern leverand\u00f8r, bliver IHLP ordrenummeret, og bestillerens initialer oplyst, til den videre sporing af ordren og pakker.<\/p>\n\n\n\n<p><strong>Login oplysninger<\/strong><\/p>\n\n\n\n<p>Login sker via Office 365 og Azure AD der opbevares derfor ikke loginoplysninger som brugernavn og adgangskode i webshoppen. Sessionen opretholder login n\u00e5r den er foretaget og samtidigt, vil den p\u00e5 SDU eget udstyr automatisk logge ind (SSO).<\/p>\n\n\n\n<p><strong>Hvor l\u00e6nge vi gemmer dine data<\/strong><\/p>\n\n\n\n<p>De indtastede data opbevares i en persons ans\u00e6ttelses periode for logf\u00f8ring af udleveret udstyr til den enkelte medarbejdere, s\u00e5 der ved ans\u00e6ttelses oph\u00f8re kan administreres hvilke udstyr der skal returneres til SDU.<\/p>\n\n\n\n<p><strong>Hvilke rettigheder har du over dine data<\/strong><\/p>\n\n\n\n<p>Hvis du har en konto p\u00e5 dette websted, eller har skrevet kommentarer, kan du bede om en eksporteret fil med de personlige data vi har liggende om dig, heriblandt alt data, du har givet os. Du kan ogs\u00e5 bede om, at vi sletter alle personlige data, vi har om dig. Dette indbefatter ikke nogen form for data, som vi er forpligtede til at gemme af administrative, lovm\u00e6ssige eller sikkerhedsm\u00e6ssige grunde.<\/p>\n\n\n\n<p>Har du sp\u00f8rgsm\u00e5l til dine rettigheder kan du kontakte SDU\u00b4s DPO p\u00e5 <a rel=\"noreferrer noopener\" href=\"mailto:dpo@sdu.dk\" target=\"_blank\">dpo@sdu.dk<\/a>.<\/p>\n\n\n\n<p>Du har mulighed for at klage til datatilsynet over behandlingen af dine oplysninger. Se mere p\u00e5 https:\/\/datatilsynet.dk<\/p>\n\n\n\n<p><strong>Hvor vi sender dine data<\/strong><\/p>\n\n\n\n<p>Bes\u00f8gendes kommentarer kan muligvis blive kontrolleret af en automatisk spam-genkendelse tjeneste. For at undg\u00e5 SPAM, Systematisk angreb eller uhensigtsm\u00e6ssig brug af kommentarfunktionen i artikler.<\/p>\n\n\n\n<p>Har du sp\u00f8rgsm\u00e5l til ovenst\u00e5ende, kan du rette henvendelse til SDU IT, p\u00e5 6550 2990 eller via servicedesk@sdu.dk<\/p>\n","protected":false},"excerpt":{"rendered":"<p>Hvem er vi Vores webstedsadresse er: https:\/\/it.sdu.dk. Hvilke personlige data vi indsamler og hvorfor vi indsamler det Bestillinger Oplysninger i forbindelse med ordren, bliver indsendt til SDU IT\u00b4s sagsh\u00e5ndteringssystem (IHLP), som kan tilg\u00e5s p\u00e5 servicedesk.sdu.dk. Oplysninger vi opbevarer, er n\u00f8dvendige oplysninger for at den videre interne og eksterne fakturering p\u00e5 SDU, kan gennemf\u00f8res (GDPR, artikel [&hellip;]<\/p>\n","protected":false},"author":1,"featured_media":0,"parent":0,"menu_order":0,"comment_status":"closed","ping_status":"open","template":"","meta":{"footnotes":""},"class_list":["post-3","page","type-page","status-publish","hentry"],"_links":{"self":[{"href":"https:\/\/it.sdu.dk\/index.php?rest_route=\/wp\/v2\/pages\/3","targetHints":{"allow":["GET"]}}],"collection":[{"href":"https:\/\/it.sdu.dk\/index.php?rest_route=\/wp\/v2\/pages"}],"about":[{"href":"https:\/\/it.sdu.dk\/index.php?rest_route=\/wp\/v2\/types\/page"}],"author":[{"embeddable":true,"href":"https:\/\/it.sdu.dk\/index.php?rest_route=\/wp\/v2\/users\/1"}],"replies":[{"embeddable":true,"href":"https:\/\/it.sdu.dk\/index.php?rest_route=%2Fwp%2Fv2%2Fcomments&post=3"}],"version-history":[{"count":5,"href":"https:\/\/it.sdu.dk\/index.php?rest_route=\/wp\/v2\/pages\/3\/revisions"}],"predecessor-version":[{"id":7161,"href":"https:\/\/it.sdu.dk\/index.php?rest_route=\/wp\/v2\/pages\/3\/revisions\/7161"}],"wp:attachment":[{"href":"https:\/\/it.sdu.dk\/index.php?rest_route=%2Fwp%2Fv2%2Fmedia&parent=3"}],"curies":[{"name":"wp","href":"https:\/\/api.w.org\/{rel}","templated":true}]}}