{"id":13,"date":"2021-01-26T10:32:34","date_gmt":"2021-01-26T10:32:34","guid":{"rendered":"https:\/\/its2.sdu.dk\/index.php\/cart\/"},"modified":"2025-08-25T09:25:21","modified_gmt":"2025-08-25T08:25:21","slug":"cart","status":"publish","type":"page","link":"https:\/\/it.sdu.dk\/?page_id=13","title":{"rendered":"Kurv"},"content":{"rendered":"\n\n<p class=\"has-white-color has-vivid-red-background-color has-text-color has-background has-normal-font-size\">BEM\u00c6RK: P\u00e5 ordre under <strong><em>1.000,-<\/em><\/strong> kr. vil der blive p\u00e5f\u00f8rt <strong><em>100<\/em><\/strong> kr. p\u00e5 den endelig fakturering.\nJvf. SKI 50.43<br>\n<u>Sl\u00e5 evt. flere ordre sammen, for at undg\u00e5 merudgiften<\/u><\/p>\n\n\n\n<div class=\"woocommerce\"><div class=\"woocommerce-notices-wrapper\"><\/div><div class=\"wc-empty-cart-message\">\n\t<div class=\"cart-empty woocommerce-info\" role=\"status\">\n\t\tDin kurv er tom.\t<\/div>\n<\/div>\t<p class=\"return-to-shop\">\n\t\t<a class=\"button wc-backward\" href=\"https:\/\/it.sdu.dk\/?page_id=12\">\n\t\t\tTilbage til shoppen\t\t<\/a>\n\t<\/p>\n<\/div>\n","protected":false},"excerpt":{"rendered":"<p>BEM\u00c6RK: P\u00e5 ordre under 1.000,- kr. vil der blive p\u00e5f\u00f8rt 100 kr. p\u00e5 den endelig fakturering. Jvf. SKI 50.43 Sl\u00e5 evt. flere ordre sammen, for at undg\u00e5 merudgiften<\/p>\n","protected":false},"author":1,"featured_media":0,"parent":0,"menu_order":0,"comment_status":"closed","ping_status":"closed","template":"","meta":{"footnotes":""},"class_list":["post-13","page","type-page","status-publish","hentry"],"_links":{"self":[{"href":"https:\/\/it.sdu.dk\/index.php?rest_route=\/wp\/v2\/pages\/13","targetHints":{"allow":["GET"]}}],"collection":[{"href":"https:\/\/it.sdu.dk\/index.php?rest_route=\/wp\/v2\/pages"}],"about":[{"href":"https:\/\/it.sdu.dk\/index.php?rest_route=\/wp\/v2\/types\/page"}],"author":[{"embeddable":true,"href":"https:\/\/it.sdu.dk\/index.php?rest_route=\/wp\/v2\/users\/1"}],"replies":[{"embeddable":true,"href":"https:\/\/it.sdu.dk\/index.php?rest_route=%2Fwp%2Fv2%2Fcomments&post=13"}],"version-history":[{"count":11,"href":"https:\/\/it.sdu.dk\/index.php?rest_route=\/wp\/v2\/pages\/13\/revisions"}],"predecessor-version":[{"id":5292,"href":"https:\/\/it.sdu.dk\/index.php?rest_route=\/wp\/v2\/pages\/13\/revisions\/5292"}],"wp:attachment":[{"href":"https:\/\/it.sdu.dk\/index.php?rest_route=%2Fwp%2Fv2%2Fmedia&parent=13"}],"curies":[{"name":"wp","href":"https:\/\/api.w.org\/{rel}","templated":true}]}}